{"id":75,"date":"2024-05-26T07:25:39","date_gmt":"2024-05-26T07:25:39","guid":{"rendered":"https:\/\/iceland-lovers.com\/claire-robinson\/"},"modified":"2024-05-26T07:25:53","modified_gmt":"2024-05-26T07:25:53","slug":"claire-robinson","status":"publish","type":"page","link":"https:\/\/iceland-lovers.com\/sv\/claire-robinson\/","title":{"rendered":"Om Claire ROBINSON"},"content":{"rendered":"\n<p>M\u00f6t Claire, som tillsammans med sin bror <a href=\"https:\/\/iceland-lovers.com\/sv\/?page_id=63\" target=\"_blank\" rel=\"noreferrer noopener\">Emmanuel<\/a> grundade Region Lovers, ett roligt f\u00f6retag som har rest runt i v\u00e4rlden i \u00f6ver 10 \u00e5r f\u00f6r att ge dig h\u00f6gkvalitativ, anv\u00e4ndbar och &#8221;certifierat verklig&#8221; information. Vi vill hj\u00e4lpa dig att g\u00f6ra de val du beh\u00f6ver f\u00f6r att skapa en resa som passar dig.<\/p>\n\n<p>Teamet har vuxit under \u00e5ren, men Claire, liksom alla f\u00f6rfattare p\u00e5 Region Lovers, f\u00f6ljer ett ramverk och v\u00e4rderingar f\u00f6r att kunna uppfylla v\u00e5rt f\u00f6rtroendekontrakt med v\u00e5ra l\u00e4sare. Lyckligtvis \u00e4r dock varje artikel alltid en \u00e5terspegling av dess f\u00f6rfattare och hans eller hennes passioner.<\/p>\n\n<figure class=\"wp-block-image size-large\"><img decoding=\"async\" src=\"https:\/\/photos.smugmug.com\/Region-Lovers\/Equipe\/i-nsNF6C6\/0\/25791716\/L\/Claire-L.png\" alt=\"\"\/><\/figure>\n\n<h2 class=\"wp-block-heading\"><span class=\"ez-toc-section\" id=\"Hans_karriar\"><\/span>Hans karri\u00e4r<span class=\"ez-toc-section-end\"><\/span><\/h2>\n\n<ul class=\"wp-block-list\">\n<li>Teknisk utbildning.<\/li>\n\n\n\n<li>10 \u00e5rs erfarenhet av att strukturera information och implementera kvalitetsprocesser i Australien, Tyskland och Frankrike.<\/li>\n\n\n\n<li>\u00d6ver 10 \u00e5r av resebloggande: ZigZag road trips och sedan Region Lovers<\/li>\n<\/ul>\n\n<p class=\"has-text-align-left\">Uppt\u00e4ck din <a href=\"https:\/\/www.linkedin.com\/in\/claire-robinson-fr\/\" target=\"_blank\" rel=\"noreferrer noopener\">Linkedin-profil<\/a><\/p>\n\n<h2 class=\"wp-block-heading\"><span class=\"ez-toc-section\" id=\"Vad_hon_sarskilt_tycker_om_att_skriva\"><\/span>Vad hon s\u00e4rskilt tycker om att skriva<span class=\"ez-toc-section-end\"><\/span><\/h2>\n\n<ul class=\"wp-block-list\">\n<li>Artiklar om platser utanf\u00f6r allfarv\u00e4garna, de mer hemliga p\u00e4rlorna som vi uppt\u00e4ckt p\u00e5 v\u00e5ra resor.<\/li>\n\n\n\n<li>Best-of-artiklar f\u00f6r att dela med dig av dina favoriter.<\/li>\n\n\n\n<li>Artiklarna \u00e4r fulla av r\u00e5d om komplicerade platser att bes\u00f6ka, s\u00e5 att l\u00e4sarna f\u00e5r ut det mesta av sitt bes\u00f6k.<\/li>\n<\/ul>\n","protected":false},"excerpt":{"rendered":"<p>M\u00f6t Claire, som tillsammans med sin bror Emmanuel grundade Region Lovers, ett roligt f\u00f6retag som har rest runt i v\u00e4rlden i \u00f6ver 10 \u00e5r f\u00f6r att ge dig h\u00f6gkvalitativ, anv\u00e4ndbar och &#8221;certifierat verklig&#8221; information. Vi vill hj\u00e4lpa dig att g\u00f6ra de val du beh\u00f6ver f\u00f6r att skapa en resa som passar dig. Teamet har vuxit [&hellip;]<\/p>\n","protected":false},"author":1,"featured_media":0,"parent":0,"menu_order":0,"comment_status":"closed","ping_status":"closed","template":"","meta":{"_genesis_hide_title":false,"_genesis_hide_breadcrumbs":false,"_genesis_hide_singular_image":false,"_genesis_hide_footer_widgets":false,"_genesis_custom_body_class":"","_genesis_custom_post_class":"","_genesis_layout":"","footnotes":""},"class_list":{"0":"post-75","1":"page","2":"type-page","3":"status-publish","5":"entry"},"yoast_head":"<!-- This site is optimized with the Yoast SEO plugin v27.5 - https:\/\/yoast.com\/product\/yoast-seo-wordpress\/ -->\n<title>Om Claire ROBINSON<\/title>\n<meta name=\"robots\" content=\"index, follow, max-snippet:-1, max-image-preview:large, max-video-preview:-1\" \/>\n<link rel=\"canonical\" href=\"https:\/\/iceland-lovers.com\/sv\/claire-robinson\/\" \/>\n<meta property=\"og:locale\" content=\"sv_SE\" \/>\n<meta property=\"og:type\" content=\"article\" \/>\n<meta property=\"og:title\" content=\"Om Claire ROBINSON\" \/>\n<meta property=\"og:description\" content=\"M\u00f6t Claire, som tillsammans med sin bror Emmanuel grundade Region Lovers, ett roligt f\u00f6retag som har rest runt i v\u00e4rlden i \u00f6ver 10 \u00e5r f\u00f6r att ge dig h\u00f6gkvalitativ, anv\u00e4ndbar och &#8221;certifierat verklig&#8221; information. Vi vill hj\u00e4lpa dig att g\u00f6ra de val du beh\u00f6ver f\u00f6r att skapa en resa som passar dig. Teamet har vuxit [&hellip;]\" \/>\n<meta property=\"og:url\" content=\"https:\/\/iceland-lovers.com\/sv\/claire-robinson\/\" \/>\n<meta property=\"og:site_name\" content=\"Iceland Lovers\" \/>\n<meta property=\"article:modified_time\" content=\"2024-05-26T07:25:53+00:00\" \/>\n<meta property=\"og:image\" content=\"https:\/\/photos.smugmug.com\/Region-Lovers\/Equipe\/i-nsNF6C6\/0\/25791716\/L\/Claire-L.png\" \/>\n<meta name=\"twitter:card\" content=\"summary_large_image\" \/>\n<meta name=\"twitter:label1\" content=\"Ber\u00e4knad l\u00e4stid\" \/>\n\t<meta name=\"twitter:data1\" content=\"1 minut\" \/>\n<script type=\"application\/ld+json\" class=\"yoast-schema-graph\">{\"@context\":\"https:\\\/\\\/schema.org\",\"@graph\":[{\"@type\":\"WebPage\",\"@id\":\"https:\\\/\\\/iceland-lovers.com\\\/sv\\\/claire-robinson\\\/\",\"url\":\"https:\\\/\\\/iceland-lovers.com\\\/sv\\\/claire-robinson\\\/\",\"name\":\"Om Claire ROBINSON\",\"isPartOf\":{\"@id\":\"https:\\\/\\\/iceland-lovers.com\\\/sv\\\/#website\"},\"primaryImageOfPage\":{\"@id\":\"https:\\\/\\\/iceland-lovers.com\\\/sv\\\/claire-robinson\\\/#primaryimage\"},\"image\":{\"@id\":\"https:\\\/\\\/iceland-lovers.com\\\/sv\\\/claire-robinson\\\/#primaryimage\"},\"thumbnailUrl\":\"https:\\\/\\\/photos.smugmug.com\\\/Region-Lovers\\\/Equipe\\\/i-nsNF6C6\\\/0\\\/25791716\\\/L\\\/Claire-L.png\",\"datePublished\":\"2024-05-26T07:25:39+00:00\",\"dateModified\":\"2024-05-26T07:25:53+00:00\",\"breadcrumb\":{\"@id\":\"https:\\\/\\\/iceland-lovers.com\\\/sv\\\/claire-robinson\\\/#breadcrumb\"},\"inLanguage\":\"sv-SE\",\"potentialAction\":[{\"@type\":\"ReadAction\",\"target\":[\"https:\\\/\\\/iceland-lovers.com\\\/sv\\\/claire-robinson\\\/\"]}]},{\"@type\":\"ImageObject\",\"inLanguage\":\"sv-SE\",\"@id\":\"https:\\\/\\\/iceland-lovers.com\\\/sv\\\/claire-robinson\\\/#primaryimage\",\"url\":\"https:\\\/\\\/photos.smugmug.com\\\/Region-Lovers\\\/Equipe\\\/i-nsNF6C6\\\/0\\\/25791716\\\/L\\\/Claire-L.png\",\"contentUrl\":\"https:\\\/\\\/photos.smugmug.com\\\/Region-Lovers\\\/Equipe\\\/i-nsNF6C6\\\/0\\\/25791716\\\/L\\\/Claire-L.png\"},{\"@type\":\"BreadcrumbList\",\"@id\":\"https:\\\/\\\/iceland-lovers.com\\\/sv\\\/claire-robinson\\\/#breadcrumb\",\"itemListElement\":[{\"@type\":\"ListItem\",\"position\":1,\"name\":\"Accueil\",\"item\":\"https:\\\/\\\/iceland-lovers.com\\\/sv\\\/\"},{\"@type\":\"ListItem\",\"position\":2,\"name\":\"Om Claire ROBINSON\"}]},{\"@type\":\"WebSite\",\"@id\":\"https:\\\/\\\/iceland-lovers.com\\\/sv\\\/#website\",\"url\":\"https:\\\/\\\/iceland-lovers.com\\\/sv\\\/\",\"name\":\"Iceland Lovers\",\"description\":\"Le Blog de Claire et Manu\",\"publisher\":{\"@id\":\"https:\\\/\\\/iceland-lovers.com\\\/sv\\\/#organization\"},\"potentialAction\":[{\"@type\":\"SearchAction\",\"target\":{\"@type\":\"EntryPoint\",\"urlTemplate\":\"https:\\\/\\\/iceland-lovers.com\\\/sv\\\/?s={search_term_string}\"},\"query-input\":{\"@type\":\"PropertyValueSpecification\",\"valueRequired\":true,\"valueName\":\"search_term_string\"}}],\"inLanguage\":\"sv-SE\"},{\"@type\":\"Organization\",\"@id\":\"https:\\\/\\\/iceland-lovers.com\\\/sv\\\/#organization\",\"name\":\"Iceland Lovers\",\"url\":\"https:\\\/\\\/iceland-lovers.com\\\/sv\\\/\",\"logo\":{\"@type\":\"ImageObject\",\"inLanguage\":\"sv-SE\",\"@id\":\"https:\\\/\\\/iceland-lovers.com\\\/sv\\\/#\\\/schema\\\/logo\\\/image\\\/\",\"url\":\"https:\\\/\\\/iceland-lovers.com\\\/wp-content\\\/uploads\\\/2024\\\/05\\\/cropped-Iceland-Lovers-Logos-RVB_Principal-bicolore.png\",\"contentUrl\":\"https:\\\/\\\/iceland-lovers.com\\\/wp-content\\\/uploads\\\/2024\\\/05\\\/cropped-Iceland-Lovers-Logos-RVB_Principal-bicolore.png\",\"width\":2326,\"height\":501,\"caption\":\"Iceland Lovers\"},\"image\":{\"@id\":\"https:\\\/\\\/iceland-lovers.com\\\/sv\\\/#\\\/schema\\\/logo\\\/image\\\/\"}}]}<\/script>\n<!-- \/ Yoast SEO plugin. -->","yoast_head_json":{"title":"Om Claire ROBINSON","robots":{"index":"index","follow":"follow","max-snippet":"max-snippet:-1","max-image-preview":"max-image-preview:large","max-video-preview":"max-video-preview:-1"},"canonical":"https:\/\/iceland-lovers.com\/sv\/claire-robinson\/","og_locale":"sv_SE","og_type":"article","og_title":"Om Claire ROBINSON","og_description":"M\u00f6t Claire, som tillsammans med sin bror Emmanuel grundade Region Lovers, ett roligt f\u00f6retag som har rest runt i v\u00e4rlden i \u00f6ver 10 \u00e5r f\u00f6r att ge dig h\u00f6gkvalitativ, anv\u00e4ndbar och &#8221;certifierat verklig&#8221; information. Vi vill hj\u00e4lpa dig att g\u00f6ra de val du beh\u00f6ver f\u00f6r att skapa en resa som passar dig. Teamet har vuxit [&hellip;]","og_url":"https:\/\/iceland-lovers.com\/sv\/claire-robinson\/","og_site_name":"Iceland Lovers","article_modified_time":"2024-05-26T07:25:53+00:00","og_image":[{"url":"https:\/\/photos.smugmug.com\/Region-Lovers\/Equipe\/i-nsNF6C6\/0\/25791716\/L\/Claire-L.png","type":"","width":"","height":""}],"twitter_card":"summary_large_image","twitter_misc":{"Ber\u00e4knad l\u00e4stid":"1 minut"},"schema":{"@context":"https:\/\/schema.org","@graph":[{"@type":"WebPage","@id":"https:\/\/iceland-lovers.com\/sv\/claire-robinson\/","url":"https:\/\/iceland-lovers.com\/sv\/claire-robinson\/","name":"Om Claire ROBINSON","isPartOf":{"@id":"https:\/\/iceland-lovers.com\/sv\/#website"},"primaryImageOfPage":{"@id":"https:\/\/iceland-lovers.com\/sv\/claire-robinson\/#primaryimage"},"image":{"@id":"https:\/\/iceland-lovers.com\/sv\/claire-robinson\/#primaryimage"},"thumbnailUrl":"https:\/\/photos.smugmug.com\/Region-Lovers\/Equipe\/i-nsNF6C6\/0\/25791716\/L\/Claire-L.png","datePublished":"2024-05-26T07:25:39+00:00","dateModified":"2024-05-26T07:25:53+00:00","breadcrumb":{"@id":"https:\/\/iceland-lovers.com\/sv\/claire-robinson\/#breadcrumb"},"inLanguage":"sv-SE","potentialAction":[{"@type":"ReadAction","target":["https:\/\/iceland-lovers.com\/sv\/claire-robinson\/"]}]},{"@type":"ImageObject","inLanguage":"sv-SE","@id":"https:\/\/iceland-lovers.com\/sv\/claire-robinson\/#primaryimage","url":"https:\/\/photos.smugmug.com\/Region-Lovers\/Equipe\/i-nsNF6C6\/0\/25791716\/L\/Claire-L.png","contentUrl":"https:\/\/photos.smugmug.com\/Region-Lovers\/Equipe\/i-nsNF6C6\/0\/25791716\/L\/Claire-L.png"},{"@type":"BreadcrumbList","@id":"https:\/\/iceland-lovers.com\/sv\/claire-robinson\/#breadcrumb","itemListElement":[{"@type":"ListItem","position":1,"name":"Accueil","item":"https:\/\/iceland-lovers.com\/sv\/"},{"@type":"ListItem","position":2,"name":"Om Claire ROBINSON"}]},{"@type":"WebSite","@id":"https:\/\/iceland-lovers.com\/sv\/#website","url":"https:\/\/iceland-lovers.com\/sv\/","name":"Iceland Lovers","description":"Le Blog de Claire et Manu","publisher":{"@id":"https:\/\/iceland-lovers.com\/sv\/#organization"},"potentialAction":[{"@type":"SearchAction","target":{"@type":"EntryPoint","urlTemplate":"https:\/\/iceland-lovers.com\/sv\/?s={search_term_string}"},"query-input":{"@type":"PropertyValueSpecification","valueRequired":true,"valueName":"search_term_string"}}],"inLanguage":"sv-SE"},{"@type":"Organization","@id":"https:\/\/iceland-lovers.com\/sv\/#organization","name":"Iceland Lovers","url":"https:\/\/iceland-lovers.com\/sv\/","logo":{"@type":"ImageObject","inLanguage":"sv-SE","@id":"https:\/\/iceland-lovers.com\/sv\/#\/schema\/logo\/image\/","url":"https:\/\/iceland-lovers.com\/wp-content\/uploads\/2024\/05\/cropped-Iceland-Lovers-Logos-RVB_Principal-bicolore.png","contentUrl":"https:\/\/iceland-lovers.com\/wp-content\/uploads\/2024\/05\/cropped-Iceland-Lovers-Logos-RVB_Principal-bicolore.png","width":2326,"height":501,"caption":"Iceland Lovers"},"image":{"@id":"https:\/\/iceland-lovers.com\/sv\/#\/schema\/logo\/image\/"}}]}},"featured_image_src":null,"featured_image_src_square":null,"_links":{"self":[{"href":"https:\/\/iceland-lovers.com\/sv\/wp-json\/wp\/v2\/pages\/75","targetHints":{"allow":["GET"]}}],"collection":[{"href":"https:\/\/iceland-lovers.com\/sv\/wp-json\/wp\/v2\/pages"}],"about":[{"href":"https:\/\/iceland-lovers.com\/sv\/wp-json\/wp\/v2\/types\/page"}],"author":[{"embeddable":true,"href":"https:\/\/iceland-lovers.com\/sv\/wp-json\/wp\/v2\/users\/1"}],"replies":[{"embeddable":true,"href":"https:\/\/iceland-lovers.com\/sv\/wp-json\/wp\/v2\/comments?post=75"}],"version-history":[{"count":0,"href":"https:\/\/iceland-lovers.com\/sv\/wp-json\/wp\/v2\/pages\/75\/revisions"}],"wp:attachment":[{"href":"https:\/\/iceland-lovers.com\/sv\/wp-json\/wp\/v2\/media?parent=75"}],"curies":[{"name":"wp","href":"https:\/\/api.w.org\/{rel}","templated":true}]}}