{"id":57,"date":"2024-05-26T07:18:34","date_gmt":"2024-05-26T05:18:34","guid":{"rendered":"https:\/\/iceland-lovers.com\/policy\/"},"modified":"2026-04-02T15:35:15","modified_gmt":"2026-04-02T13:35:15","slug":"policy","status":"publish","type":"page","link":"https:\/\/iceland-lovers.com\/sv\/policy\/","title":{"rendered":"Juridiskt meddelande, anv\u00e4ndarvillkor och integritetspolicy"},"content":{"rendered":"\n<p>F\u00f6ljande policyer kan komma att \u00e4ndras utan f\u00f6reg\u00e5ende meddelande. De uppdaterades senast den 2 april 2026. Om du har n\u00e5gra fr\u00e5gor \u00e4r du v\u00e4lkommen att kontakta oss via formul\u00e4ret l\u00e4ngst ned p\u00e5 sidan.<\/p>\n\n<h2 class=\"wp-block-heading\"><span class=\"ez-toc-section\" id=\"Rattslig_information\"><\/span>R\u00e4ttslig information<span class=\"ez-toc-section-end\"><\/span><\/h2>\n\n<p>Utgivare och ansvarig f\u00f6r webbplatsen :<\/p>\n\n<p>Claire Robinson &#8211; 76600 Le Havre &#8211; Claire(at)regionlovers.fr<\/p>\n\n<p>V\u00e4rd f\u00f6r :<\/p>\n\n<p>WP Engine &#8211; Texas &#8211; F\u00f6renta staterna &#8211; <a href=\"https:\/\/wpengine.com\/contact\/\" rel=\"noreferrer noopener\" target=\"_blank\">Kontakt<\/a><\/p>\n\n<p><strong>F\u00f6retag :<\/strong><\/p>\n\n<p>Region Lovers SAS<br\/>2 rue des sauveteurs<br\/>76600 Le Havre<br\/>Aktiekapital 6 000 euro<br\/>MOMS FR21845103191<\/p>\n\n<hr class=\"wp-block-separator has-alpha-channel-opacity\"\/>\n\n<h2 class=\"wp-block-heading\"><span class=\"ez-toc-section\" id=\"Konfidentialitet\"><\/span>Konfidentialitet<span class=\"ez-toc-section-end\"><\/span><\/h2>\n\n<p>L\u00e4s denna sekretesspolicy noggrant f\u00f6r att f\u00f6rst\u00e5 hur Iceland Lovers (webbplatsen) erh\u00e5ller, anv\u00e4nder, skyddar och i allm\u00e4nhet hanterar din personligt identifierbara information n\u00e4r du anv\u00e4nder denna webbplats.<\/p>\n\n<p><strong>Vilka personuppgifter samlas in fr\u00e5n bes\u00f6kare p\u00e5 min webbplats?<\/strong><\/p>\n\n<p>N\u00e4r du l\u00e4mnar en kommentar, g\u00f6r en best\u00e4llning eller skriver ett e-postmeddelande till oss kan du, beroende p\u00e5 omst\u00e4ndigheterna, bli ombedd att uppge namn, e-postadress eller andra uppgifter som kan hj\u00e4lpa dig med din upplevelse.<\/p>\n\n<p><strong>N\u00e4r h\u00e4mtas denna information?<\/strong><\/p>\n\n<p>Vi samlar in dina uppgifter n\u00e4r du prenumererar p\u00e5 ett nyhetsbrev eller e-postuppdateringar, n\u00e4r du g\u00f6r ett k\u00f6p, n\u00e4r du svarar p\u00e5 en unders\u00f6kning eller n\u00e4r du anger information p\u00e5 denna webbplats (t.ex. f\u00f6r att skriva en kommentar).<\/p>\n\n<p><strong>Hur anv\u00e4nds denna information?<\/strong><\/p>\n\n<p>Vi kan anv\u00e4nda denna information p\u00e5 f\u00f6ljande s\u00e4tt:<\/p>\n\n<ul class=\"wp-block-list\">\n<li>F\u00f6r att anpassa och leverera den typ av inneh\u00e5ll och produkter som intresserar dig mest.<\/li>\n\n\n\n<li>F\u00f6r att f\u00f6rb\u00e4ttra webbplatsen och ge dig b\u00e4ttre information.<\/li>\n\n\n\n<li>F\u00f6r att skicka periodiska e-postmeddelanden om webbplatsen eller andra produkter och tj\u00e4nster.<\/li>\n<\/ul>\n\n<p>Vi<strong>kommer aldrig att s\u00e4lja<\/strong> eller l\u00e4mna ut dina uppgifter, och om du n\u00e4r som helst vill avsluta prenumerationen p\u00e5 e-postmeddelanden kan du g\u00f6ra det genom att anv\u00e4nda l\u00e4nken i slutet av varje e-postmeddelande.<\/p>\n\n<p>Om du vill veta mer om hur vi anv\u00e4nder och lagrar dina uppgifter kan du anv\u00e4nda formul\u00e4ret i slutet av denna sida f\u00f6r att kontakta oss.<\/p>\n\n<p><strong>Hur skyddas information om bes\u00f6kare p\u00e5 v\u00e5r webbplats?<\/strong><\/p>\n\n<p>Webbplatsen skannas regelbundet f\u00f6r att kontrollera s\u00e4kerhetsbrister och k\u00e4nda svagheter f\u00f6r att g\u00f6ra ditt bes\u00f6k s\u00e5 s\u00e4kert som m\u00f6jligt.<\/p>\n\n<p><strong>Anv\u00e4nder jag cookies?<\/strong><\/p>\n\n<p>Ja, det st\u00e4mmer.\nCookies \u00e4r sm\u00e5 filer som en webbplats eller dess tj\u00e4nsteleverant\u00f6r \u00f6verf\u00f6r till din dators h\u00e5rddisk via din webbl\u00e4sare (om du till\u00e5ter det) och som g\u00f6r det m\u00f6jligt f\u00f6r webbplatsen eller tj\u00e4nsteleverant\u00f6ren att k\u00e4nna igen din webbl\u00e4sare och samla in och komma ih\u00e5g viss information.\nEn webbplats kan t.ex. anv\u00e4nda cookies f\u00f6r att komma ih\u00e5g och behandla artiklarna i din varukorg.\nDe anv\u00e4nds ocks\u00e5 f\u00f6r att sammanst\u00e4lla och analysera trafikdata och interaktioner p\u00e5 webbplatsen f\u00f6r att ge b\u00e4ttre upplevelser p\u00e5 v\u00e5r webbplats och b\u00e4ttre verktyg f\u00f6r framtiden.   <\/p>\n\n<p>Iceland Lovers anv\u00e4nder fr\u00e4mst cookies f\u00f6r att sammanst\u00e4lla och analysera trafikdata och webbplatsinteraktioner f\u00f6r att ge b\u00e4ttre webbplatsupplevelser och verktyg f\u00f6r framtiden. Vi har ocks\u00e5 affiliate-cookies fr\u00e5n webbplatser som rekommenderar mina reseguider. Vi kan ocks\u00e5 anv\u00e4nda tj\u00e4nster fr\u00e5n betrodda tredjepartswebbplatser f\u00f6r att sp\u00e5ra dessa element \u00e5t mig.<\/p>\n\n<p>Du kan v\u00e4lja att l\u00e5ta datorn informera dig varje g\u00e5ng den skickar en cookie, eller s\u00e5 kan du v\u00e4lja att inaktivera alla cookies.\nDetta g\u00f6r du i inst\u00e4llningarna f\u00f6r din webbl\u00e4sare (t.ex. Internet Explorer, Safari eller Google Chrome). <\/p>\n\n<p><strong>L\u00e4nkar till tredje part<\/strong><\/p>\n\n<p>Ibland kan vi ha l\u00e4nkar i mina artiklar till tredje parts webbplatser, deras produkter eller tj\u00e4nster. Dessa webbplatser har oberoende sekretesspolicyer. Iceland Lovers kan inte h\u00e5llas ansvarigt f\u00f6r inneh\u00e5ll och aktiviteter p\u00e5 l\u00e4nkade webbplatser. Vi str\u00e4var dock efter integritet och tar emot all feedback om dessa webbplatser.<\/p>\n\n<p><strong>Leverant\u00f6rer som anv\u00e4nder :<\/strong><\/p>\n\n<ul class=\"wp-block-list\">\n<li>F\u00f6r att hantera godk\u00e4nnande av cookies, Complianz<\/li>\n\n\n\n<li>F\u00f6r kontaktformul\u00e4ret och formul\u00e4ret f\u00f6r registrering av nyhetsbrev anv\u00e4nds Gravity Forms<\/li>\n\n\n\n<li>F\u00f6r nyhetsbrevet, Mailchimp &#8211; <a href=\"https:\/\/mailchimp.com\/fr\/gdpr\/\" target=\"_blank\" rel=\"noreferrer noopener\">se deras dataskyddsavtal<\/a><\/li>\n\n\n\n<li>E-b\u00f6cker s\u00e4ljs via Sendowl-plattformen<a href=\"https:\/\/www.sendowl.com\/privacy\" target=\"_blank\" rel=\"noreferrer noopener\">(integritetspolicy h\u00e4r<\/a>) och kreditkortsbetalningar g\u00f6rs via Stripe<a href=\"https:\/\/stripe.com\/en-fr\/privacy\" target=\"_blank\" rel=\"noreferrer noopener\">(integritetspolicy h\u00e4r<\/a>).<\/li>\n<\/ul>\n\n<hr class=\"wp-block-separator has-alpha-channel-opacity\"\/>\n\n<h2 class=\"wp-block-heading\"><span class=\"ez-toc-section\" id=\"Villkor_och_bestammelser_for_anvandning\"><\/span>Villkor och best\u00e4mmelser f\u00f6r anv\u00e4ndning<span class=\"ez-toc-section-end\"><\/span><\/h2>\n\n<h3 class=\"wp-block-heading\">V\u00e5ra tj\u00e4nster<\/h3>\n\n<p>Vi kan inte h\u00e5llas ansvariga f\u00f6r f\u00f6rseningar eller avbrott p\u00e5 webbplatsen.\nVi g\u00f6r kommersiellt rimliga anstr\u00e4ngningar f\u00f6r att minimera f\u00f6rseningar och avbrott.\nVi kan dock inte garantera att webbplatsen kommer att vara tillg\u00e4nglig hela tiden eller vid specifika tidpunkter.  <\/p>\n\n<p>Vi kan n\u00e4r som helst och utan att informera dig avaktivera hela eller delar av webbplatsen.\nVi kan dock inte h\u00e5llas ansvariga f\u00f6r eventuella f\u00f6rluster, kostnader, skador eller skyldigheter som uppst\u00e5r till f\u00f6ljd av att webbplatsen inte l\u00e4ngre \u00e4r tillg\u00e4nglig. <\/p>\n\n<h3 class=\"wp-block-heading\">F\u00f6rbjudet beteende<\/h3>\n\n<p>I f\u00f6rh\u00e5llande till denna webbplats f\u00e5r du inte:<\/p>\n\n<ul class=\"wp-block-list\">\n<li>Anv\u00e4nda webbplatsen f\u00f6r n\u00e5gon verksamhet eller publicera eller via webbplatsen \u00f6verf\u00f6ra n\u00e5gon information eller n\u00e5got material som strider mot lagar eller f\u00f6rordningar, kr\u00e4nker tredje parts r\u00e4ttigheter eller strider mot till\u00e4mpliga standarder eller koder;<\/li>\n\n\n\n<li>Anv\u00e4nda webbplatsen f\u00f6r att publicera eller \u00f6verf\u00f6ra material som st\u00f6r andra anv\u00e4ndare eller f\u00f6rtalar, trakasserar, hotar, kr\u00e4nker eller begr\u00e4nsar eller hindrar n\u00e5gon anv\u00e4ndare fr\u00e5n att f\u00e5 tillg\u00e5ng till webbplatsen eller Internet;<\/li>\n\n\n\n<li>Anv\u00e4nda webbplatsen f\u00f6r att skicka o\u00f6nskade elektroniska meddelanden;<\/li>\n\n\n\n<li>manipulera, st\u00f6ra eller modifiera webbplatsen p\u00e5 n\u00e5got som helst s\u00e4tt;<\/li>\n\n\n\n<li>medvetet \u00f6verf\u00f6ra virus eller andra inaktiverande funktioner till eller via webbplatsen, eller<\/li>\n\n\n\n<li>F\u00f6rs\u00f6k att utf\u00f6ra n\u00e5gon av ovanst\u00e5ende handlingar eller underl\u00e4ttande eller hj\u00e4lp till en annan person att utf\u00f6ra n\u00e5gon av ovanst\u00e5ende handlingar.<\/li>\n<\/ul>\n\n<h3 class=\"wp-block-heading\">Immateriella r\u00e4ttigheter<\/h3>\n\n<p>Materialet p\u00e5 webbplatsen, inklusive programvara, design, text, bilder och grafik som ing\u00e5r p\u00e5 webbplatsen och urvalet och arrangemanget av webbplatsen \u00e4gs av Iceland Lovers.<\/p>\n\n<p>Din anv\u00e4ndning av webbplatsen ger dig inte n\u00e5gon licens eller r\u00e4tt att anv\u00e4nda n\u00e5got av de varum\u00e4rken eller logotyper, registrerade eller oregistrerade, som syns p\u00e5 webbplatsen utan uttryckligt skriftligt tillst\u00e5nd fr\u00e5n varum\u00e4rkes\u00e4garen.<\/p>\n\n<p>Vi \u00e4ger upphovsr\u00e4tten till alla kreativa eller litter\u00e4ra verk som visas p\u00e5 webbplatsen.<\/p>\n\n<p>Du f\u00e5r inte :<\/p>\n\n<ul class=\"wp-block-list\">\n<li>Reproducera eller anv\u00e4nda n\u00e5got av elementen p\u00e5 webbplatsen f\u00f6r kommersiella eller icke-kommersiella \u00e4ndam\u00e5l, inklusive f\u00f6rs\u00e4ljning;<\/li>\n\n\n\n<li>p\u00e5 n\u00e5got s\u00e4tt \u00e4ndra elementen p\u00e5 webbplatsen, eller<\/li>\n\n\n\n<li>agera p\u00e5 ett s\u00e5dant s\u00e4tt att n\u00e5got av elementen p\u00e5 webbplatsen kan f\u00e5ngas upp eller inf\u00f6rlivas p\u00e5 en annan webbplats.<\/li>\n<\/ul>\n\n<p>Sammanfattningsvis f\u00e5r du inte \u00e4ndra, kopiera, reproducera, \u00e5terpublicera, rama in, ladda upp till en tredje part, posta, \u00f6verf\u00f6ra eller distribuera inneh\u00e5llet p\u00e5 webbplatsen p\u00e5 n\u00e5got s\u00e4tt om det inte uttryckligen till\u00e5ts av oss eller uttryckligen har godk\u00e4nts av oss skriftligen.<\/p>\n\n<p>Om du g\u00f6r n\u00e5got av ovanst\u00e5ende kommer jag inte att tveka att h\u00e4vda v\u00e5ra immateriella r\u00e4ttigheter gentemot dig.<\/p>\n\n<h3 class=\"wp-block-heading\"><strong>Endast allm\u00e4n information<\/strong><\/h3>\n\n<p>V\u00e5r avsikt med informationen p\u00e5 v\u00e5r webbplats \u00e4r endast att ge en \u00f6versikt \u00f6ver intressanta platser.\nInformationen p\u00e5 v\u00e5r webbplats \u00e4r inte avsedd att vara utt\u00f6mmande och utg\u00f6r inte heller r\u00e5d eller rekommendationer av n\u00e5got slag.\nVi f\u00f6rs\u00f6ker se till att inneh\u00e5llet \u00e4r aktuellt och korrekt, men vi garanterar inte att det \u00e4r giltigt och korrekt.\nDu b\u00f6r g\u00f6ra din egen unders\u00f6kning och\/eller s\u00f6ka din egen information innan du agerar eller f\u00f6rlitar dig p\u00e5 n\u00e5gon information p\u00e5 v\u00e5r webbplats.   <\/p>\n\n<h3 class=\"wp-block-heading\"><strong>L\u00e4nkar till tredje part<\/strong><\/h3>\n\n<p>Webbplatsen kan inneh\u00e5lla hypertextl\u00e4nkar och andra h\u00e4nvisningar till webbplatser som drivs av tredje part (l\u00e4nkade webbplatser).\nVi kontrollerar inte n\u00e5gra l\u00e4nkade webbplatser och \u00e4r d\u00e4rf\u00f6r inte ansvariga f\u00f6r inneh\u00e5llet p\u00e5 den l\u00e4nkade webbplatsen eller n\u00e5gra hypertextl\u00e4nkar som finns p\u00e5 den l\u00e4nkade webbplatsen.\nVi tillhandah\u00e5ller hypertextl\u00e4nkarna endast f\u00f6r din bekv\u00e4mlighet och anger inte, uttryckligen eller underf\u00f6rst\u00e5tt, n\u00e5gon rekommendation, sponsring eller godk\u00e4nnande fr\u00e5n oss av n\u00e5gon l\u00e4nkad webbplats eller de produkter eller tj\u00e4nster som erbjuds av de l\u00e4nkade webbplatserna.  <\/p>\n\n<p>Du bes\u00f6ker de l\u00e4nkade webbplatserna helt p\u00e5 egen risk.<\/p>\n\n<p>Vi l\u00e4mnar inga garantier och tar inget ansvar f\u00f6r alla aspekter av l\u00e4nkade webbplatser och deras inneh\u00e5ll.<\/p>\n\n<p>Du b\u00f6r g\u00f6ra dina egna efterforskningar om l\u00e4mpligheten hos de varor och\/eller tj\u00e4nster som erbjuds dig via en l\u00e4nkad webbplats.<\/p>\n\n<h3 class=\"wp-block-heading\">Kompensation<\/h3>\n\n<p>Genom att anv\u00e4nda webbplatsen samtycker <strong>du<\/strong>till att h\u00e5lla oss skadesl\u00f6sa fr\u00e5n och mot alla \u00e5tg\u00e4rder, anspr\u00e5k, st\u00e4mningar, krav, skador och f\u00f6r skulder, kostnader eller utgifter (oavsett om det \u00e4r skadest\u00e5nd eller avtal inklusive, utan begr\u00e4nsning, f\u00f6rsumlighet) som uppst\u00e5r till f\u00f6ljd av eller i samband med din anv\u00e4ndning av webbplatsen.<\/p>\n\n<hr class=\"wp-block-separator has-alpha-channel-opacity\"\/>\n\n<h2 class=\"wp-block-heading\" id=\"tab-con-1\"><span class=\"ez-toc-section\" id=\"Offentliggorande\"><\/span>Offentligg\u00f6rande<span class=\"ez-toc-section-end\"><\/span><\/h2>\n\n<h3 class=\"wp-block-heading\">Partnerskap<\/h3>\n\n<p>Iceland Lovers arbetar <strong>inte<\/strong> med varum\u00e4rken <strong>eller<\/strong> turistbyr\u00e5er.<\/p>\n\n<p>Iceland Lovers kommer alltid att ge sin sanna \u00e5sikt om sina uppt\u00e4ckter, \u00f6vertygelser och erfarenheter i dessa \u00e4mnen. De \u00e5sikter och synpunkter som uttrycks p\u00e5 denna blogg tillh\u00f6r respektive f\u00f6rfattare. Alla uppgifter om en produkt, tj\u00e4nst eller annat f\u00f6rem\u00e5l m\u00e5ste kontrolleras med tillverkaren, leverant\u00f6ren eller den person som ansvarar f\u00f6r \u00e4mnet i fr\u00e5ga.<\/p>\n\n<h3 class=\"wp-block-heading\"><strong>Anslutna l\u00e4nkar<\/strong><\/h3>\n\n<p>I vissa fall kan vi inkludera affiliate-l\u00e4nkar i vissa inl\u00e4gg d\u00e4r vi rekommenderar specifika produkter eller tj\u00e4nster.\nOm du k\u00f6per n\u00e5got via en av dessa affiliate-l\u00e4nkar f\u00e5r vi en liten provision utan extra kostnad f\u00f6r dig. <\/p>\n\n<p>Iceland Lovers deltar i Amazons partnerprogram i EU, USA, Storbritannien och CA, affiliateprogram utformade f\u00f6r att g\u00f6ra det m\u00f6jligt f\u00f6r webbplatser att tj\u00e4na pengar genom att l\u00e4nka till Amazon.<\/p>\n\n<hr class=\"wp-block-separator has-alpha-channel-opacity\"\/>\n\n<h2 class=\"wp-block-heading\" id=\"tab-con-7\"><span class=\"ez-toc-section\" id=\"Kontakt\"><\/span>Kontakt<span class=\"ez-toc-section-end\"><\/span><\/h2>\n\n<p><a href=\"https:\/\/madeiralovers.com\/contact\/\">Se kontaktformul\u00e4ret<\/a><\/p>\n","protected":false},"excerpt":{"rendered":"<p>F\u00f6ljande policyer kan komma att \u00e4ndras utan f\u00f6reg\u00e5ende meddelande. De uppdaterades senast den 2 april 2026. Om du har n\u00e5gra fr\u00e5gor \u00e4r du v\u00e4lkommen att kontakta oss via formul\u00e4ret l\u00e4ngst ned p\u00e5 sidan. R\u00e4ttslig information Utgivare och ansvarig f\u00f6r webbplatsen : Claire Robinson &#8211; 76600 Le Havre &#8211; Claire(at)regionlovers.fr V\u00e4rd f\u00f6r : WP Engine &#8211; [&hellip;]<\/p>\n","protected":false},"author":1,"featured_media":0,"parent":0,"menu_order":0,"comment_status":"closed","ping_status":"closed","template":"","meta":{"_genesis_hide_title":false,"_genesis_hide_breadcrumbs":false,"_genesis_hide_singular_image":false,"_genesis_hide_footer_widgets":false,"_genesis_custom_body_class":"","_genesis_custom_post_class":"","_genesis_layout":"","footnotes":""},"class_list":{"0":"post-57","1":"page","2":"type-page","3":"status-publish","5":"entry"},"yoast_head":"<!-- This site is optimized with the Yoast SEO plugin v27.2 - https:\/\/yoast.com\/product\/yoast-seo-wordpress\/ -->\n<title>Juridiskt meddelande, anv\u00e4ndarvillkor och integritetspolicy<\/title>\n<meta name=\"description\" content=\"Juridiskt meddelande, anv\u00e4ndarvillkor och integritetspolicy f\u00f6r Iceland Lovers\" \/>\n<meta name=\"robots\" content=\"index, follow, max-snippet:-1, max-image-preview:large, max-video-preview:-1\" \/>\n<link rel=\"canonical\" href=\"https:\/\/iceland-lovers.com\/sv\/policy\/\" \/>\n<meta property=\"og:locale\" content=\"sv_SE\" \/>\n<meta property=\"og:type\" content=\"article\" \/>\n<meta property=\"og:title\" content=\"Juridiskt meddelande, anv\u00e4ndarvillkor och integritetspolicy\" \/>\n<meta property=\"og:description\" content=\"Juridiskt meddelande, anv\u00e4ndarvillkor och integritetspolicy f\u00f6r Iceland Lovers\" \/>\n<meta property=\"og:url\" content=\"https:\/\/iceland-lovers.com\/sv\/policy\/\" \/>\n<meta property=\"og:site_name\" content=\"Iceland Lovers\" \/>\n<meta property=\"article:modified_time\" content=\"2026-04-02T13:35:15+00:00\" \/>\n<meta name=\"twitter:card\" content=\"summary_large_image\" \/>\n<meta name=\"twitter:label1\" content=\"Ber\u00e4knad l\u00e4stid\" \/>\n\t<meta name=\"twitter:data1\" content=\"9 minuter\" \/>\n<script type=\"application\/ld+json\" class=\"yoast-schema-graph\">{\"@context\":\"https:\/\/schema.org\",\"@graph\":[{\"@type\":\"WebPage\",\"@id\":\"https:\/\/iceland-lovers.com\/sv\/policy\/\",\"url\":\"https:\/\/iceland-lovers.com\/sv\/policy\/\",\"name\":\"Juridiskt meddelande, anv\u00e4ndarvillkor och integritetspolicy\",\"isPartOf\":{\"@id\":\"https:\/\/iceland-lovers.com\/sv\/#website\"},\"datePublished\":\"2024-05-26T05:18:34+00:00\",\"dateModified\":\"2026-04-02T13:35:15+00:00\",\"description\":\"Juridiskt meddelande, anv\u00e4ndarvillkor och integritetspolicy f\u00f6r Iceland Lovers\",\"breadcrumb\":{\"@id\":\"https:\/\/iceland-lovers.com\/sv\/policy\/#breadcrumb\"},\"inLanguage\":\"sv-SE\",\"potentialAction\":[{\"@type\":\"ReadAction\",\"target\":[\"https:\/\/iceland-lovers.com\/sv\/policy\/\"]}]},{\"@type\":\"BreadcrumbList\",\"@id\":\"https:\/\/iceland-lovers.com\/sv\/policy\/#breadcrumb\",\"itemListElement\":[{\"@type\":\"ListItem\",\"position\":1,\"name\":\"Accueil\",\"item\":\"https:\/\/iceland-lovers.com\/sv\/\"},{\"@type\":\"ListItem\",\"position\":2,\"name\":\"Juridiskt meddelande, anv\u00e4ndarvillkor och integritetspolicy\"}]},{\"@type\":\"WebSite\",\"@id\":\"https:\/\/iceland-lovers.com\/sv\/#website\",\"url\":\"https:\/\/iceland-lovers.com\/sv\/\",\"name\":\"Iceland Lovers\",\"description\":\"Le Blog de Claire et Manu\",\"publisher\":{\"@id\":\"https:\/\/iceland-lovers.com\/sv\/#organization\"},\"potentialAction\":[{\"@type\":\"SearchAction\",\"target\":{\"@type\":\"EntryPoint\",\"urlTemplate\":\"https:\/\/iceland-lovers.com\/sv\/?s={search_term_string}\"},\"query-input\":{\"@type\":\"PropertyValueSpecification\",\"valueRequired\":true,\"valueName\":\"search_term_string\"}}],\"inLanguage\":\"sv-SE\"},{\"@type\":\"Organization\",\"@id\":\"https:\/\/iceland-lovers.com\/sv\/#organization\",\"name\":\"Iceland Lovers\",\"url\":\"https:\/\/iceland-lovers.com\/sv\/\",\"logo\":{\"@type\":\"ImageObject\",\"inLanguage\":\"sv-SE\",\"@id\":\"https:\/\/iceland-lovers.com\/sv\/#\/schema\/logo\/image\/\",\"url\":\"https:\/\/iceland-lovers.com\/wp-content\/uploads\/2024\/05\/cropped-Iceland-Lovers-Logos-RVB_Principal-bicolore.png\",\"contentUrl\":\"https:\/\/iceland-lovers.com\/wp-content\/uploads\/2024\/05\/cropped-Iceland-Lovers-Logos-RVB_Principal-bicolore.png\",\"width\":2326,\"height\":501,\"caption\":\"Iceland Lovers\"},\"image\":{\"@id\":\"https:\/\/iceland-lovers.com\/sv\/#\/schema\/logo\/image\/\"}}]}<\/script>\n<!-- \/ Yoast SEO plugin. -->","yoast_head_json":{"title":"Juridiskt meddelande, anv\u00e4ndarvillkor och integritetspolicy","description":"Juridiskt meddelande, anv\u00e4ndarvillkor och integritetspolicy f\u00f6r Iceland Lovers","robots":{"index":"index","follow":"follow","max-snippet":"max-snippet:-1","max-image-preview":"max-image-preview:large","max-video-preview":"max-video-preview:-1"},"canonical":"https:\/\/iceland-lovers.com\/sv\/policy\/","og_locale":"sv_SE","og_type":"article","og_title":"Juridiskt meddelande, anv\u00e4ndarvillkor och integritetspolicy","og_description":"Juridiskt meddelande, anv\u00e4ndarvillkor och integritetspolicy f\u00f6r Iceland Lovers","og_url":"https:\/\/iceland-lovers.com\/sv\/policy\/","og_site_name":"Iceland Lovers","article_modified_time":"2026-04-02T13:35:15+00:00","twitter_card":"summary_large_image","twitter_misc":{"Ber\u00e4knad l\u00e4stid":"9 minuter"},"schema":{"@context":"https:\/\/schema.org","@graph":[{"@type":"WebPage","@id":"https:\/\/iceland-lovers.com\/sv\/policy\/","url":"https:\/\/iceland-lovers.com\/sv\/policy\/","name":"Juridiskt meddelande, anv\u00e4ndarvillkor och integritetspolicy","isPartOf":{"@id":"https:\/\/iceland-lovers.com\/sv\/#website"},"datePublished":"2024-05-26T05:18:34+00:00","dateModified":"2026-04-02T13:35:15+00:00","description":"Juridiskt meddelande, anv\u00e4ndarvillkor och integritetspolicy f\u00f6r Iceland Lovers","breadcrumb":{"@id":"https:\/\/iceland-lovers.com\/sv\/policy\/#breadcrumb"},"inLanguage":"sv-SE","potentialAction":[{"@type":"ReadAction","target":["https:\/\/iceland-lovers.com\/sv\/policy\/"]}]},{"@type":"BreadcrumbList","@id":"https:\/\/iceland-lovers.com\/sv\/policy\/#breadcrumb","itemListElement":[{"@type":"ListItem","position":1,"name":"Accueil","item":"https:\/\/iceland-lovers.com\/sv\/"},{"@type":"ListItem","position":2,"name":"Juridiskt meddelande, anv\u00e4ndarvillkor och integritetspolicy"}]},{"@type":"WebSite","@id":"https:\/\/iceland-lovers.com\/sv\/#website","url":"https:\/\/iceland-lovers.com\/sv\/","name":"Iceland Lovers","description":"Le Blog de Claire et Manu","publisher":{"@id":"https:\/\/iceland-lovers.com\/sv\/#organization"},"potentialAction":[{"@type":"SearchAction","target":{"@type":"EntryPoint","urlTemplate":"https:\/\/iceland-lovers.com\/sv\/?s={search_term_string}"},"query-input":{"@type":"PropertyValueSpecification","valueRequired":true,"valueName":"search_term_string"}}],"inLanguage":"sv-SE"},{"@type":"Organization","@id":"https:\/\/iceland-lovers.com\/sv\/#organization","name":"Iceland Lovers","url":"https:\/\/iceland-lovers.com\/sv\/","logo":{"@type":"ImageObject","inLanguage":"sv-SE","@id":"https:\/\/iceland-lovers.com\/sv\/#\/schema\/logo\/image\/","url":"https:\/\/iceland-lovers.com\/wp-content\/uploads\/2024\/05\/cropped-Iceland-Lovers-Logos-RVB_Principal-bicolore.png","contentUrl":"https:\/\/iceland-lovers.com\/wp-content\/uploads\/2024\/05\/cropped-Iceland-Lovers-Logos-RVB_Principal-bicolore.png","width":2326,"height":501,"caption":"Iceland Lovers"},"image":{"@id":"https:\/\/iceland-lovers.com\/sv\/#\/schema\/logo\/image\/"}}]}},"featured_image_src":null,"featured_image_src_square":null,"_links":{"self":[{"href":"https:\/\/iceland-lovers.com\/sv\/wp-json\/wp\/v2\/pages\/57","targetHints":{"allow":["GET"]}}],"collection":[{"href":"https:\/\/iceland-lovers.com\/sv\/wp-json\/wp\/v2\/pages"}],"about":[{"href":"https:\/\/iceland-lovers.com\/sv\/wp-json\/wp\/v2\/types\/page"}],"author":[{"embeddable":true,"href":"https:\/\/iceland-lovers.com\/sv\/wp-json\/wp\/v2\/users\/1"}],"replies":[{"embeddable":true,"href":"https:\/\/iceland-lovers.com\/sv\/wp-json\/wp\/v2\/comments?post=57"}],"version-history":[{"count":0,"href":"https:\/\/iceland-lovers.com\/sv\/wp-json\/wp\/v2\/pages\/57\/revisions"}],"wp:attachment":[{"href":"https:\/\/iceland-lovers.com\/sv\/wp-json\/wp\/v2\/media?parent=57"}],"curies":[{"name":"wp","href":"https:\/\/api.w.org\/{rel}","templated":true}]}}