{"id":95,"date":"2024-05-26T07:28:59","date_gmt":"2024-05-26T05:28:59","guid":{"rendered":"https:\/\/iceland-lovers.com\/a-propos\/"},"modified":"2026-04-02T15:41:05","modified_gmt":"2026-04-02T13:41:05","slug":"sobre","status":"publish","type":"page","link":"https:\/\/iceland-lovers.com\/pt-pt\/sobre\/","title":{"rendered":"Sobre os Iceland Lovers e os Region Lovers"},"content":{"rendered":"\n<p>Bem-vindo ao nosso s\u00edtio Web,<\/p>\n\n<p>Antes de mais, para que n\u00e3o se perca, <strong>Iceland Lovers <\/strong>\u00e9 o site da <strong>Region Lovers<\/strong> dedicado \u00e0 Isl\u00e2ndia, um dos nossos destinos preferidos.<\/p>\n\n<p>Somos <strong>Claire e Emmanuel Robinson<\/strong>, uma irm\u00e3, um irm\u00e3o, um poliglota, um amante das palavras, um viajante, um epicurista&#8230;<\/p>\n\n<p>Desde 2013, <a href=\"https:\/\/iceland-lovers.com\/pt-pt\/claire-robinson\/\" type=\"page\" id=\"74\" target=\"_blank\" rel=\"noreferrer noopener\">Claire<\/a> tem vindo a publicar<strong> guias de viagem <\/strong>por todo o mundo que se tornaram <strong>refer\u00eancias <\/strong>para os amantes de road-trips. Em 2022, <a href=\"https:\/\/iceland-lovers.com\/pt-pt\/emmanuel-robinson\/\" target=\"_blank\" rel=\"noreferrer noopener\">Emmanuel<\/a> decidiu juntar-se a ela para fundar a <strong>Region Lovers<\/strong>.<\/p>\n\n<p>O nosso objetivo? Criar <strong>s\u00edtios Web de destinos<\/strong> concebidos para o <strong>orientar nas suas escolhas<\/strong> atrav\u00e9s de <strong>conte\u00fados de qualidade<\/strong> (sem patroc\u00ednios, viagens efetivamente realizadas, artigos estruturados, garantia de \u201ccertifica\u00e7\u00e3o real\u201d). <\/p>\n\n<figure class=\"wp-block-image size-large\"><img decoding=\"async\" src=\"https:\/\/corsicalovers.fr\/wp-content\/uploads\/2023\/03\/emmanuelclaire-1024x684.jpeg\" alt=\"\"\/><\/figure>\n\n<h2 class=\"wp-block-heading\"><span class=\"ez-toc-section\" id=\"As_origens_do_Region_Lovers\"><\/span>As origens do Region Lovers<span class=\"ez-toc-section-end\"><\/span><\/h2>\n\n<p>A Region Lovers nasceu em <strong>agosto de 2022<\/strong> a partir da constata\u00e7\u00e3o de que era dif\u00edcil para os viajantes fazerem as <strong>escolhas<\/strong> que lhes permitissem construir uma viagem <strong>\u00e0<\/strong> sua medida.<\/p>\n\n<p>Demasiada informa\u00e7\u00e3o, dispersa por uma multiplicidade de plataformas, conte\u00fados patrocinados demasiado bons para serem verdade, hist\u00f3rias completamente egoc\u00eantricas, sites ileg\u00edveis ou n\u00e3o actualizados&#8230;<\/p>\n\n<p>ClaireDecidimos encontrar uma <strong>nova forma de blogue que fosse<\/strong> simultaneamente mais \u00fatil e mais \u00e9tica, com base nas li\u00e7\u00f5es aprendidas em 10 anos de pr\u00e1tica di\u00e1ria acumulada por .\nEst\u00e1 agora a ler o resultado de todo este trabalho, e esperamos que tenhamos correspondido \u00e0s suas expectativas! <\/p>\n\n<figure class=\"wp-block-image\"><img decoding=\"async\" src=\"https:\/\/photos.smugmug.com\/Travel\/France\/Le-Havre\/i-Gn4VmGp\/5\/c351a225\/L\/IMG_1679-L.jpg\" alt=\"\"\/><figcaption class=\"wp-element-caption\">A praia de Le Havre, que visit\u00e1mos v\u00e1rias vezes para criar a Region Lovers<\/figcaption><\/figure>\n\n<h2 class=\"wp-block-heading\"><span class=\"ez-toc-section\" id=\"Os_nossos_valores_e_compromissos\"><\/span>Os nossos valores e compromissos<span class=\"ez-toc-section-end\"><\/span><\/h2>\n\n<p>Como pode ver, <strong>a autenticidade<\/strong> est\u00e1 no centro da nossa abordagem.\nColocamo-nos no seu lugar e partilhamos consigo o que <strong>realmente<\/strong> vimos e experiment\u00e1mos. <\/p>\n\n<p>E para garantir que este <strong>contrato de confian\u00e7a<\/strong> entre si e n\u00f3s seja o mais s\u00f3lido poss\u00edvel, comprometemo-nos a respeitar <strong>10 compromissos<\/strong>:<\/p>\n\n<ol class=\"wp-block-list\">\n<li>Visite todos os locais de que lhe falamos.<\/li>\n\n\n\n<li>Para cada cidade, fique alojado em pelo menos um hotel e visite os que recomendamos.<\/li>\n\n\n\n<li>Para cada cidade, coma em pelo menos um restaurante e visite os que seleccion\u00e1mos.<\/li>\n\n\n\n<li>Pague todas as nossas facturas na \u00edntegra e recuse qualquer parceria ou patroc\u00ednio.<\/li>\n\n\n\n<li>Actualize periodicamente os nossos artigos, com a ajuda dos nossos leitores.<\/li>\n\n\n\n<li>Enrique\u00e7a os nossos artigos com as nossas experi\u00eancias em primeira m\u00e3o.<\/li>\n\n\n\n<li>Utilize 99% das nossas pr\u00f3prias fotografias.<\/li>\n\n\n\n<li>Utilizar de forma racional e transparente as ferramentas digitais, que alimentamos com informa\u00e7\u00f5es verificadas no local.<\/li>\n\n\n\n<li>Forne\u00e7a informa\u00e7\u00f5es sobre o par viajante\/escritor que deu origem ao artigo.<\/li>\n\n\n\n<li>Diga-lhe o que fazemos e fa\u00e7a o que lhe dizemos!<\/li>\n<\/ol>\n\n<figure class=\"wp-block-image\"><img decoding=\"async\" src=\"https:\/\/photos.smugmug.com\/Normandie-Lovers\/Normandie-Lovers\/i-42FF9B3\/0\/b1f6302b\/L\/facture_restaurant_normandy-L.jpg\" alt=\"Fatura do restaurante\"\/><figcaption class=\"wp-element-caption\">O pre\u00e7o da nossa liberdade de express\u00e3o!<\/figcaption><\/figure>\n\n<h2 class=\"wp-block-heading\"><span class=\"ez-toc-section\" id=\"A_equipa_da_Region_Lovers_experiencia_e_paixao\"><\/span>A equipa da Region Lovers: experi\u00eancia e paix\u00e3o<span class=\"ez-toc-section-end\"><\/span><\/h2>\n\n<p>Come\u00e7\u00e1mos na Normandia.\nO que poderia ser mais l\u00f3gico, tendo nascido l\u00e1 e vivendo l\u00e1 ainda hoje!\nQuando fic\u00e1mos satisfeitos com o resultado, decidimos come\u00e7ar a crescer, passo a passo, para lhe oferecer novos destinos.  <\/p>\n\n<ul class=\"wp-block-list\">\n<li><a href=\"https:\/\/regionlovers.fr\" target=\"_blank\" rel=\"noreferrer noopener\">Descubra todos os destinos propostos pela Region Lovers<\/a><\/li>\n<\/ul>\n\n<p>Para tal, a equipa cresceu, mantendo os mesmos padr\u00f5es elevados de qualidade dos conte\u00fados e o respeito pelos valores que nos guiam diariamente.<\/p>\n\n<figure class=\"wp-block-image size-large\"><a href=\"https:\/\/loirelovers.fr\/fanny-auffret\/\" target=\"_blank\" rel=\"noreferrer noopener\"><img decoding=\"async\" src=\"https:\/\/photos.smugmug.com\/Region-Lovers\/Equipe\/i-CS7R8wd\/0\/LPSZNcvcXwJQMRqMw297MC8z2nP8vJFZq5LKhSRWM\/L\/regionlovers-64-L.jpg\" alt=\"A equipa\"\/><\/a><\/figure>\n\n<ul class=\"wp-block-list\">\n<li><a href=\"https:\/\/regionlovers.fr\/equipe\/\" target=\"_blank\" rel=\"noreferrer noopener\">Conhe\u00e7a toda a equipa da Region Lovers<\/a><\/li>\n<\/ul>\n\n<h3 class=\"wp-block-heading\">Region Lovers: Como \u00e9 que funciona?<\/h3>\n\n<p>Cada membro da equipa \u00e9 <strong>rigorosamente treinado <\/strong>em viagens e escrita (n\u00e3o \u00e9 t\u00e3o f\u00e1cil como parece!), com base em tudo o que aprendemos nos nossos 10 anos de blogue e nas nossas muitas viagens pelo mundo.<\/p>\n\n<p>Quando decidimos criar um site sobre uma regi\u00e3o, enviamos um ou mais membros da equipa para passar v\u00e1rias semanas na <strong>zona<\/strong> para recolher informa\u00e7\u00f5es, tirar fotografias e testar hot\u00e9is e restaurantes.<\/p>\n<div class=\"wp-block-image\">\n<figure class=\"aligncenter\"><img decoding=\"async\" src=\"https:\/\/photos.smugmug.com\/Vallee-loire\/Loire-lovers\/i-C72BN6G\/0\/5b34e182\/L\/loire-lovers-emmanuel-2-L.jpg\" alt=\"\"\/><figcaption class=\"wp-element-caption\">Reportagens fotogr\u00e1ficas perigosas!<\/figcaption><\/figure>\n<\/div>\n<p>Quando regressam, os viajantes relatam fielmente as suas <strong>impress\u00f5es, prefer\u00eancias e li\u00e7\u00f5es aprendidas<\/strong> ao resto da equipa e, em conjunto, escrevem os artigos para lhe trazerem conte\u00fados de qualidade.<\/p>\n\n<p>E, por fim, voltamos <strong>periodicamente<\/strong> aos s\u00edtios documentados para garantir que as nossas informa\u00e7\u00f5es continuam a ser exactas!<\/p>\n\n<h2 class=\"wp-block-heading\"><span class=\"ez-toc-section\" id=\"De_que_e_que_vive_a_Region_Lovers\"><\/span>De que \u00e9 que vive a Region Lovers?<span class=\"ez-toc-section-end\"><\/span><\/h2>\n\n<p>Para continuarmos a trazer-lhe o m\u00e1ximo de informa\u00e7\u00e3o poss\u00edvel, contamos <strong>consigo<\/strong>:<\/p>\n\n<ul class=\"wp-block-list\">\n<li>Ao comprar um dos nossos<strong> guias<\/strong>.<\/li>\n\n\n\n<li>Ao escolher o seu <strong>hotel<\/strong>, <strong>aluguer de carro <\/strong>, <strong>atividade ou passeio<\/strong> atrav\u00e9s de um dos nossos links de afiliados (neste caso, recebemos uma pequena parte da comiss\u00e3o da plataforma).<\/li>\n<\/ul>\n\n<p><a href=\"https:\/\/iceland-lovers.com\/pt-pt\/contacto\/\" target=\"_blank\" rel=\"noreferrer noopener\">Contacte-nos<\/a><\/p>\n","protected":false},"excerpt":{"rendered":"<p>Bem-vindo ao nosso s\u00edtio Web, Antes de mais, para que n\u00e3o se perca, Iceland Lovers \u00e9 o site da Region Lovers dedicado \u00e0 Isl\u00e2ndia, um dos nossos destinos preferidos. Somos Claire e Emmanuel Robinson, uma irm\u00e3, um irm\u00e3o, um poliglota, um amante das palavras, um viajante, um epicurista&#8230; Desde 2013, Claire tem vindo a publicar [&hellip;]<\/p>\n","protected":false},"author":1,"featured_media":0,"parent":0,"menu_order":0,"comment_status":"closed","ping_status":"closed","template":"","meta":{"_genesis_hide_title":false,"_genesis_hide_breadcrumbs":false,"_genesis_hide_singular_image":false,"_genesis_hide_footer_widgets":false,"_genesis_custom_body_class":"","_genesis_custom_post_class":"","_genesis_layout":"","footnotes":""},"class_list":{"0":"post-95","1":"page","2":"type-page","3":"status-publish","5":"entry"},"yoast_head":"<!-- This site is optimized with the Yoast SEO plugin v27.2 - https:\/\/yoast.com\/product\/yoast-seo-wordpress\/ -->\n<title>Sobre os Iceland Lovers e os Region Lovers<\/title>\n<meta name=\"description\" content=\"Saiba mais sobre a Claire, o Manu e o blogue Iceland Lovers, criado para o ajudar a despertar os seus sentidos nesta bela regi\u00e3o.\" \/>\n<meta name=\"robots\" content=\"index, follow, max-snippet:-1, max-image-preview:large, max-video-preview:-1\" \/>\n<link rel=\"canonical\" href=\"https:\/\/iceland-lovers.com\/pt-pt\/sobre\/\" \/>\n<meta property=\"og:locale\" content=\"pt_PT\" \/>\n<meta property=\"og:type\" content=\"article\" \/>\n<meta property=\"og:title\" content=\"Sobre os Iceland Lovers e os Region Lovers\" \/>\n<meta property=\"og:description\" content=\"Saiba mais sobre a Claire, o Manu e o blogue Iceland Lovers, criado para o ajudar a despertar os seus sentidos nesta bela regi\u00e3o.\" \/>\n<meta property=\"og:url\" content=\"https:\/\/iceland-lovers.com\/pt-pt\/sobre\/\" \/>\n<meta property=\"og:site_name\" content=\"Iceland Lovers\" \/>\n<meta property=\"article:modified_time\" content=\"2026-04-02T13:41:05+00:00\" \/>\n<meta property=\"og:image\" content=\"https:\/\/corsicalovers.fr\/wp-content\/uploads\/2023\/03\/emmanuelclaire-1024x684.jpeg\" \/>\n<meta name=\"twitter:card\" content=\"summary_large_image\" \/>\n<meta name=\"twitter:label1\" content=\"Tempo estimado de leitura\" \/>\n\t<meta name=\"twitter:data1\" content=\"4 minutos\" \/>\n<script type=\"application\/ld+json\" class=\"yoast-schema-graph\">{\"@context\":\"https:\/\/schema.org\",\"@graph\":[{\"@type\":\"WebPage\",\"@id\":\"https:\/\/iceland-lovers.com\/pt-pt\/sobre\/\",\"url\":\"https:\/\/iceland-lovers.com\/pt-pt\/sobre\/\",\"name\":\"Sobre os Iceland Lovers e os Region Lovers\",\"isPartOf\":{\"@id\":\"https:\/\/iceland-lovers.com\/pt-pt\/#website\"},\"primaryImageOfPage\":{\"@id\":\"https:\/\/iceland-lovers.com\/pt-pt\/sobre\/#primaryimage\"},\"image\":{\"@id\":\"https:\/\/iceland-lovers.com\/pt-pt\/sobre\/#primaryimage\"},\"thumbnailUrl\":\"https:\/\/corsicalovers.fr\/wp-content\/uploads\/2023\/03\/emmanuelclaire-1024x684.jpeg\",\"datePublished\":\"2024-05-26T05:28:59+00:00\",\"dateModified\":\"2026-04-02T13:41:05+00:00\",\"description\":\"Saiba mais sobre a Claire, o Manu e o blogue Iceland Lovers, criado para o ajudar a despertar os seus sentidos nesta bela regi\u00e3o.\",\"breadcrumb\":{\"@id\":\"https:\/\/iceland-lovers.com\/pt-pt\/sobre\/#breadcrumb\"},\"inLanguage\":\"pt-PT\",\"potentialAction\":[{\"@type\":\"ReadAction\",\"target\":[\"https:\/\/iceland-lovers.com\/pt-pt\/sobre\/\"]}]},{\"@type\":\"ImageObject\",\"inLanguage\":\"pt-PT\",\"@id\":\"https:\/\/iceland-lovers.com\/pt-pt\/sobre\/#primaryimage\",\"url\":\"https:\/\/corsicalovers.fr\/wp-content\/uploads\/2023\/03\/emmanuelclaire-1024x684.jpeg\",\"contentUrl\":\"https:\/\/corsicalovers.fr\/wp-content\/uploads\/2023\/03\/emmanuelclaire-1024x684.jpeg\"},{\"@type\":\"BreadcrumbList\",\"@id\":\"https:\/\/iceland-lovers.com\/pt-pt\/sobre\/#breadcrumb\",\"itemListElement\":[{\"@type\":\"ListItem\",\"position\":1,\"name\":\"Accueil\",\"item\":\"https:\/\/iceland-lovers.com\/pt-pt\/\"},{\"@type\":\"ListItem\",\"position\":2,\"name\":\"Sobre os Iceland Lovers e os Region Lovers\"}]},{\"@type\":\"WebSite\",\"@id\":\"https:\/\/iceland-lovers.com\/pt-pt\/#website\",\"url\":\"https:\/\/iceland-lovers.com\/pt-pt\/\",\"name\":\"Iceland Lovers\",\"description\":\"Le Blog de Claire et Manu\",\"publisher\":{\"@id\":\"https:\/\/iceland-lovers.com\/pt-pt\/#organization\"},\"potentialAction\":[{\"@type\":\"SearchAction\",\"target\":{\"@type\":\"EntryPoint\",\"urlTemplate\":\"https:\/\/iceland-lovers.com\/pt-pt\/?s={search_term_string}\"},\"query-input\":{\"@type\":\"PropertyValueSpecification\",\"valueRequired\":true,\"valueName\":\"search_term_string\"}}],\"inLanguage\":\"pt-PT\"},{\"@type\":\"Organization\",\"@id\":\"https:\/\/iceland-lovers.com\/pt-pt\/#organization\",\"name\":\"Iceland Lovers\",\"url\":\"https:\/\/iceland-lovers.com\/pt-pt\/\",\"logo\":{\"@type\":\"ImageObject\",\"inLanguage\":\"pt-PT\",\"@id\":\"https:\/\/iceland-lovers.com\/pt-pt\/#\/schema\/logo\/image\/\",\"url\":\"https:\/\/iceland-lovers.com\/wp-content\/uploads\/2024\/05\/cropped-Iceland-Lovers-Logos-RVB_Principal-bicolore.png\",\"contentUrl\":\"https:\/\/iceland-lovers.com\/wp-content\/uploads\/2024\/05\/cropped-Iceland-Lovers-Logos-RVB_Principal-bicolore.png\",\"width\":2326,\"height\":501,\"caption\":\"Iceland Lovers\"},\"image\":{\"@id\":\"https:\/\/iceland-lovers.com\/pt-pt\/#\/schema\/logo\/image\/\"}}]}<\/script>\n<!-- \/ Yoast SEO plugin. -->","yoast_head_json":{"title":"Sobre os Iceland Lovers e os Region Lovers","description":"Saiba mais sobre a Claire, o Manu e o blogue Iceland Lovers, criado para o ajudar a despertar os seus sentidos nesta bela regi\u00e3o.","robots":{"index":"index","follow":"follow","max-snippet":"max-snippet:-1","max-image-preview":"max-image-preview:large","max-video-preview":"max-video-preview:-1"},"canonical":"https:\/\/iceland-lovers.com\/pt-pt\/sobre\/","og_locale":"pt_PT","og_type":"article","og_title":"Sobre os Iceland Lovers e os Region Lovers","og_description":"Saiba mais sobre a Claire, o Manu e o blogue Iceland Lovers, criado para o ajudar a despertar os seus sentidos nesta bela regi\u00e3o.","og_url":"https:\/\/iceland-lovers.com\/pt-pt\/sobre\/","og_site_name":"Iceland Lovers","article_modified_time":"2026-04-02T13:41:05+00:00","og_image":[{"url":"https:\/\/corsicalovers.fr\/wp-content\/uploads\/2023\/03\/emmanuelclaire-1024x684.jpeg","type":"","width":"","height":""}],"twitter_card":"summary_large_image","twitter_misc":{"Tempo estimado de leitura":"4 minutos"},"schema":{"@context":"https:\/\/schema.org","@graph":[{"@type":"WebPage","@id":"https:\/\/iceland-lovers.com\/pt-pt\/sobre\/","url":"https:\/\/iceland-lovers.com\/pt-pt\/sobre\/","name":"Sobre os Iceland Lovers e os Region Lovers","isPartOf":{"@id":"https:\/\/iceland-lovers.com\/pt-pt\/#website"},"primaryImageOfPage":{"@id":"https:\/\/iceland-lovers.com\/pt-pt\/sobre\/#primaryimage"},"image":{"@id":"https:\/\/iceland-lovers.com\/pt-pt\/sobre\/#primaryimage"},"thumbnailUrl":"https:\/\/corsicalovers.fr\/wp-content\/uploads\/2023\/03\/emmanuelclaire-1024x684.jpeg","datePublished":"2024-05-26T05:28:59+00:00","dateModified":"2026-04-02T13:41:05+00:00","description":"Saiba mais sobre a Claire, o Manu e o blogue Iceland Lovers, criado para o ajudar a despertar os seus sentidos nesta bela regi\u00e3o.","breadcrumb":{"@id":"https:\/\/iceland-lovers.com\/pt-pt\/sobre\/#breadcrumb"},"inLanguage":"pt-PT","potentialAction":[{"@type":"ReadAction","target":["https:\/\/iceland-lovers.com\/pt-pt\/sobre\/"]}]},{"@type":"ImageObject","inLanguage":"pt-PT","@id":"https:\/\/iceland-lovers.com\/pt-pt\/sobre\/#primaryimage","url":"https:\/\/corsicalovers.fr\/wp-content\/uploads\/2023\/03\/emmanuelclaire-1024x684.jpeg","contentUrl":"https:\/\/corsicalovers.fr\/wp-content\/uploads\/2023\/03\/emmanuelclaire-1024x684.jpeg"},{"@type":"BreadcrumbList","@id":"https:\/\/iceland-lovers.com\/pt-pt\/sobre\/#breadcrumb","itemListElement":[{"@type":"ListItem","position":1,"name":"Accueil","item":"https:\/\/iceland-lovers.com\/pt-pt\/"},{"@type":"ListItem","position":2,"name":"Sobre os Iceland Lovers e os Region Lovers"}]},{"@type":"WebSite","@id":"https:\/\/iceland-lovers.com\/pt-pt\/#website","url":"https:\/\/iceland-lovers.com\/pt-pt\/","name":"Iceland Lovers","description":"Le Blog de Claire et Manu","publisher":{"@id":"https:\/\/iceland-lovers.com\/pt-pt\/#organization"},"potentialAction":[{"@type":"SearchAction","target":{"@type":"EntryPoint","urlTemplate":"https:\/\/iceland-lovers.com\/pt-pt\/?s={search_term_string}"},"query-input":{"@type":"PropertyValueSpecification","valueRequired":true,"valueName":"search_term_string"}}],"inLanguage":"pt-PT"},{"@type":"Organization","@id":"https:\/\/iceland-lovers.com\/pt-pt\/#organization","name":"Iceland Lovers","url":"https:\/\/iceland-lovers.com\/pt-pt\/","logo":{"@type":"ImageObject","inLanguage":"pt-PT","@id":"https:\/\/iceland-lovers.com\/pt-pt\/#\/schema\/logo\/image\/","url":"https:\/\/iceland-lovers.com\/wp-content\/uploads\/2024\/05\/cropped-Iceland-Lovers-Logos-RVB_Principal-bicolore.png","contentUrl":"https:\/\/iceland-lovers.com\/wp-content\/uploads\/2024\/05\/cropped-Iceland-Lovers-Logos-RVB_Principal-bicolore.png","width":2326,"height":501,"caption":"Iceland Lovers"},"image":{"@id":"https:\/\/iceland-lovers.com\/pt-pt\/#\/schema\/logo\/image\/"}}]}},"featured_image_src":null,"featured_image_src_square":null,"_links":{"self":[{"href":"https:\/\/iceland-lovers.com\/pt-pt\/wp-json\/wp\/v2\/pages\/95","targetHints":{"allow":["GET"]}}],"collection":[{"href":"https:\/\/iceland-lovers.com\/pt-pt\/wp-json\/wp\/v2\/pages"}],"about":[{"href":"https:\/\/iceland-lovers.com\/pt-pt\/wp-json\/wp\/v2\/types\/page"}],"author":[{"embeddable":true,"href":"https:\/\/iceland-lovers.com\/pt-pt\/wp-json\/wp\/v2\/users\/1"}],"replies":[{"embeddable":true,"href":"https:\/\/iceland-lovers.com\/pt-pt\/wp-json\/wp\/v2\/comments?post=95"}],"version-history":[{"count":0,"href":"https:\/\/iceland-lovers.com\/pt-pt\/wp-json\/wp\/v2\/pages\/95\/revisions"}],"wp:attachment":[{"href":"https:\/\/iceland-lovers.com\/pt-pt\/wp-json\/wp\/v2\/media?parent=95"}],"curies":[{"name":"wp","href":"https:\/\/api.w.org\/{rel}","templated":true}]}}