{"id":1124,"date":"2024-06-17T15:28:31","date_gmt":"2024-06-17T13:28:31","guid":{"rendered":"https:\/\/iceland-lovers.com\/ebook-guide-road-trip-island-winter\/"},"modified":"2024-06-17T17:33:52","modified_gmt":"2024-06-17T15:33:52","slug":"ebook-guia-road-trip-islandia-inverno","status":"publish","type":"page","link":"https:\/\/iceland-lovers.com\/pt-pt\/ebook-guia-road-trip-islandia-inverno\/","title":{"rendered":"eBook &#8211; Guia de road trip: Isl\u00e2ndia no inverno"},"content":{"rendered":"\n<div class=\"wp-block-columns alignwide is-layout-flex wp-container-core-columns-is-layout-9d6595d7 wp-block-columns-is-layout-flex\">\n<div class=\"wp-block-column titre_guide is-layout-flow wp-block-column-is-layout-flow\">\n<p><\/p>\n\n\n\n<h2 class=\"wp-block-heading\"><strong>Aproveite ao m\u00e1ximo o seu tempo na Isl\u00e2ndia!<\/strong><\/h2>\n\n\n\n<hr class=\"wp-block-separator has-alpha-channel-opacity is-style-wide\"\/>\n\n\n\n<p class=\"has-text-align-left titre_guide has-theme-primary-color has-text-color\" style=\"line-height:1.5\">Tal como <strong>mais de 12.000<\/strong> outros leitores, mergulhe num dos nossos guias para o ajudar a planear a sua viagem.<\/p>\n\n\n\n<hr class=\"wp-block-separator has-alpha-channel-opacity\"\/>\n<\/div>\n<\/div>\n\n\n\n<div class=\"wp-block-columns alignwide is-layout-flex wp-container-core-columns-is-layout-9d6595d7 wp-block-columns-is-layout-flex\">\n<div class=\"wp-block-column is-layout-flow wp-block-column-is-layout-flow\"><div class=\"wp-block-image\">\n<figure class=\"aligncenter size-full\"><img decoding=\"async\" src=\"https:\/\/iceland-lovers.com\/wp-content\/uploads\/2024\/06\/Road-trip-guide-Iceland-Winter-eBook-cover-4.jpg\" alt=\"Guia de viagem de inverno da Isl\u00e2ndia Capa do livro eletr\u00f3nico\" class=\"wp-image-1049\"\/><\/figure>\n<\/div><\/div>\n\n\n\n<div class=\"wp-block-column is-layout-flow wp-block-column-is-layout-flow\">\n<p id=\"bloc_visuel_guide\">Frustrado com a sobrecarga de guias cl\u00e1ssicos? Poucas imagens mas milhares de s\u00edtios, como se tivesse v\u00e1rios anos para visitar&#8230;<\/p>\n\n\n\n<p>Com o nosso guia, pode planear facilmente a sua viagem ideal sem perder os locais mais bonitos deste destino.<br><strong>Diretamente no seu computador, telem\u00f3vel ou tablet, ter\u00e1 acesso<\/strong> a:<\/p>\n\n\n\n<ul class=\"wp-block-list\">\n<li>A nossa sele\u00e7\u00e3o dos <span style=\"text-decoration: underline;\">locais mais incr\u00edveis <\/span>da Isl\u00e2ndia que s\u00e3o acess\u00edveis no inverno.<\/li>\n\n\n\n<li><span style=\"text-decoration: underline;\">Fotos cativantes<\/span> para o ajudar a decidir se deve parar aqui.<\/li>\n\n\n\n<li><span style=\"text-decoration: underline;\">Mapas<\/span> para o ajudar a encontr\u00e1-los e a planear o seu percurso.<\/li>\n\n\n\n<li><strong> <\/strong><span style=\"text-decoration: underline;\">informa\u00e7\u00f5es pr\u00e1ticas<\/span> para o ajudar a tirar o m\u00e1ximo partido do seu tempo.<\/li>\n\n\n\n<li>Coordenadas <span style=\"text-decoration: underline;\">GPS<\/span> dos parques de estacionamento para evitar perdas de tempo.<\/li>\n<\/ul>\n<\/div>\n<\/div>\n\n\n\n<p>Desculpe, mas o nosso guia ainda n\u00e3o est\u00e1 dispon\u00edvel em portugu\u00eas.<\/p>\n\n\n\n<p>Pode compr\u00e1-lo:<\/p>\n\n\n\n<ul class=\"wp-block-list\">\n<li><a href=\"https:\/\/iceland-lovers.com\/en\/ebook-guide-road-trip-iceland-winter\/\">em ingl\u00eas<\/a><\/li>\n\n\n\n<li><a href=\"https:\/\/iceland-lovers.com\/ebook-guide-road-trip-islande-hiver\/\">em franc\u00eas<\/a><\/li>\n\n\n\n<li><a href=\"https:\/\/iceland-lovers.com\/de\/ebook-reisefuhrer-road-trip-island-winter\/\">em alem\u00e3o<\/a><\/li>\n\n\n\n<li><a href=\"https:\/\/iceland-lovers.com\/es\/ebook-guia-viajes-islandia-invierno\/\">em espanhol<\/a><\/li>\n<\/ul>\n","protected":false},"excerpt":{"rendered":"<p>Aproveite ao m\u00e1ximo o seu tempo na Isl\u00e2ndia! Tal como mais de 12.000 outros leitores, mergulhe num dos nossos guias para o ajudar a planear a sua viagem. Frustrado com a sobrecarga de guias cl\u00e1ssicos? Poucas imagens mas milhares de s\u00edtios, como se tivesse v\u00e1rios anos para visitar&#8230; Com o nosso guia, pode planear facilmente [&hellip;]<\/p>\n","protected":false},"author":1,"featured_media":1055,"parent":0,"menu_order":0,"comment_status":"closed","ping_status":"closed","template":"page-templates\/lp-modele.php","meta":{"_genesis_hide_title":false,"_genesis_hide_breadcrumbs":false,"_genesis_hide_singular_image":false,"_genesis_hide_footer_widgets":false,"_genesis_custom_body_class":"","_genesis_custom_post_class":"","_genesis_layout":"full-width-content","footnotes":""},"class_list":{"0":"post-1124","1":"page","2":"type-page","3":"status-publish","4":"has-post-thumbnail","6":"entry"},"yoast_head":"<!-- This site is optimized with the Yoast SEO plugin v27.2 - https:\/\/yoast.com\/product\/yoast-seo-wordpress\/ -->\n<title>eBook - Guia de road trip: Isl\u00e2ndia no inverno<\/title>\n<meta name=\"description\" content=\"O nosso guia de viagem para o ajudar a planear a sua road trip \u00e0 Isl\u00e2ndia no inverno: mapas, atrac\u00e7\u00f5es, acessibilidade...\" \/>\n<meta name=\"robots\" content=\"index, follow, max-snippet:-1, max-image-preview:large, max-video-preview:-1\" \/>\n<link rel=\"canonical\" href=\"https:\/\/iceland-lovers.com\/pt-pt\/ebook-guia-road-trip-islandia-inverno\/\" \/>\n<meta property=\"og:locale\" content=\"pt_PT\" \/>\n<meta property=\"og:type\" content=\"article\" \/>\n<meta property=\"og:title\" content=\"eBook - Guia de road trip: Isl\u00e2ndia no inverno\" \/>\n<meta property=\"og:description\" content=\"O nosso guia de viagem para o ajudar a planear a sua road trip \u00e0 Isl\u00e2ndia no inverno: mapas, atrac\u00e7\u00f5es, acessibilidade...\" \/>\n<meta property=\"og:url\" content=\"https:\/\/iceland-lovers.com\/pt-pt\/ebook-guia-road-trip-islandia-inverno\/\" \/>\n<meta property=\"og:site_name\" content=\"Iceland Lovers\" \/>\n<meta property=\"article:modified_time\" content=\"2024-06-17T15:33:52+00:00\" \/>\n<meta property=\"og:image\" content=\"https:\/\/iceland-lovers.com\/wp-content\/uploads\/2024\/06\/Road-trip-guide-Iceland-Winter-eBook-cover-4.jpg\" \/>\n\t<meta property=\"og:image:width\" content=\"500\" \/>\n\t<meta property=\"og:image:height\" content=\"375\" \/>\n\t<meta property=\"og:image:type\" content=\"image\/jpeg\" \/>\n<meta name=\"twitter:card\" content=\"summary_large_image\" \/>\n<meta name=\"twitter:label1\" content=\"Tempo estimado de leitura\" \/>\n\t<meta name=\"twitter:data1\" content=\"2 minutos\" \/>\n<script type=\"application\/ld+json\" class=\"yoast-schema-graph\">{\"@context\":\"https:\/\/schema.org\",\"@graph\":[{\"@type\":\"WebPage\",\"@id\":\"https:\/\/iceland-lovers.com\/pt-pt\/ebook-guia-road-trip-islandia-inverno\/\",\"url\":\"https:\/\/iceland-lovers.com\/pt-pt\/ebook-guia-road-trip-islandia-inverno\/\",\"name\":\"eBook - Guia de road trip: Isl\u00e2ndia no inverno\",\"isPartOf\":{\"@id\":\"https:\/\/iceland-lovers.com\/pt-pt\/#website\"},\"primaryImageOfPage\":{\"@id\":\"https:\/\/iceland-lovers.com\/pt-pt\/ebook-guia-road-trip-islandia-inverno\/#primaryimage\"},\"image\":{\"@id\":\"https:\/\/iceland-lovers.com\/pt-pt\/ebook-guia-road-trip-islandia-inverno\/#primaryimage\"},\"thumbnailUrl\":\"https:\/\/iceland-lovers.com\/wp-content\/uploads\/2024\/06\/Road-trip-guide-Iceland-Winter-eBook-cover-4.jpg\",\"datePublished\":\"2024-06-17T13:28:31+00:00\",\"dateModified\":\"2024-06-17T15:33:52+00:00\",\"description\":\"O nosso guia de viagem para o ajudar a planear a sua road trip \u00e0 Isl\u00e2ndia no inverno: mapas, atrac\u00e7\u00f5es, acessibilidade...\",\"breadcrumb\":{\"@id\":\"https:\/\/iceland-lovers.com\/pt-pt\/ebook-guia-road-trip-islandia-inverno\/#breadcrumb\"},\"inLanguage\":\"pt-PT\",\"potentialAction\":[{\"@type\":\"ReadAction\",\"target\":[\"https:\/\/iceland-lovers.com\/pt-pt\/ebook-guia-road-trip-islandia-inverno\/\"]}]},{\"@type\":\"ImageObject\",\"inLanguage\":\"pt-PT\",\"@id\":\"https:\/\/iceland-lovers.com\/pt-pt\/ebook-guia-road-trip-islandia-inverno\/#primaryimage\",\"url\":\"https:\/\/iceland-lovers.com\/wp-content\/uploads\/2024\/06\/Road-trip-guide-Iceland-Winter-eBook-cover-4.jpg\",\"contentUrl\":\"https:\/\/iceland-lovers.com\/wp-content\/uploads\/2024\/06\/Road-trip-guide-Iceland-Winter-eBook-cover-4.jpg\",\"width\":500,\"height\":375,\"caption\":\"Road trip guide Iceland Winter eBook cover\"},{\"@type\":\"BreadcrumbList\",\"@id\":\"https:\/\/iceland-lovers.com\/pt-pt\/ebook-guia-road-trip-islandia-inverno\/#breadcrumb\",\"itemListElement\":[{\"@type\":\"ListItem\",\"position\":1,\"name\":\"Accueil\",\"item\":\"https:\/\/iceland-lovers.com\/pt-pt\/\"},{\"@type\":\"ListItem\",\"position\":2,\"name\":\"eBook &#8211; Guia de road trip: Isl\u00e2ndia no inverno\"}]},{\"@type\":\"WebSite\",\"@id\":\"https:\/\/iceland-lovers.com\/pt-pt\/#website\",\"url\":\"https:\/\/iceland-lovers.com\/pt-pt\/\",\"name\":\"Iceland Lovers\",\"description\":\"Le Blog de Claire et Manu\",\"publisher\":{\"@id\":\"https:\/\/iceland-lovers.com\/pt-pt\/#organization\"},\"potentialAction\":[{\"@type\":\"SearchAction\",\"target\":{\"@type\":\"EntryPoint\",\"urlTemplate\":\"https:\/\/iceland-lovers.com\/pt-pt\/?s={search_term_string}\"},\"query-input\":{\"@type\":\"PropertyValueSpecification\",\"valueRequired\":true,\"valueName\":\"search_term_string\"}}],\"inLanguage\":\"pt-PT\"},{\"@type\":\"Organization\",\"@id\":\"https:\/\/iceland-lovers.com\/pt-pt\/#organization\",\"name\":\"Iceland Lovers\",\"url\":\"https:\/\/iceland-lovers.com\/pt-pt\/\",\"logo\":{\"@type\":\"ImageObject\",\"inLanguage\":\"pt-PT\",\"@id\":\"https:\/\/iceland-lovers.com\/pt-pt\/#\/schema\/logo\/image\/\",\"url\":\"https:\/\/iceland-lovers.com\/wp-content\/uploads\/2024\/05\/cropped-Iceland-Lovers-Logos-RVB_Principal-bicolore.png\",\"contentUrl\":\"https:\/\/iceland-lovers.com\/wp-content\/uploads\/2024\/05\/cropped-Iceland-Lovers-Logos-RVB_Principal-bicolore.png\",\"width\":2326,\"height\":501,\"caption\":\"Iceland Lovers\"},\"image\":{\"@id\":\"https:\/\/iceland-lovers.com\/pt-pt\/#\/schema\/logo\/image\/\"}}]}<\/script>\n<!-- \/ Yoast SEO plugin. -->","yoast_head_json":{"title":"eBook - Guia de road trip: Isl\u00e2ndia no inverno","description":"O nosso guia de viagem para o ajudar a planear a sua road trip \u00e0 Isl\u00e2ndia no inverno: mapas, atrac\u00e7\u00f5es, acessibilidade...","robots":{"index":"index","follow":"follow","max-snippet":"max-snippet:-1","max-image-preview":"max-image-preview:large","max-video-preview":"max-video-preview:-1"},"canonical":"https:\/\/iceland-lovers.com\/pt-pt\/ebook-guia-road-trip-islandia-inverno\/","og_locale":"pt_PT","og_type":"article","og_title":"eBook - Guia de road trip: Isl\u00e2ndia no inverno","og_description":"O nosso guia de viagem para o ajudar a planear a sua road trip \u00e0 Isl\u00e2ndia no inverno: mapas, atrac\u00e7\u00f5es, acessibilidade...","og_url":"https:\/\/iceland-lovers.com\/pt-pt\/ebook-guia-road-trip-islandia-inverno\/","og_site_name":"Iceland Lovers","article_modified_time":"2024-06-17T15:33:52+00:00","og_image":[{"width":500,"height":375,"url":"https:\/\/iceland-lovers.com\/wp-content\/uploads\/2024\/06\/Road-trip-guide-Iceland-Winter-eBook-cover-4.jpg","type":"image\/jpeg"}],"twitter_card":"summary_large_image","twitter_misc":{"Tempo estimado de leitura":"2 minutos"},"schema":{"@context":"https:\/\/schema.org","@graph":[{"@type":"WebPage","@id":"https:\/\/iceland-lovers.com\/pt-pt\/ebook-guia-road-trip-islandia-inverno\/","url":"https:\/\/iceland-lovers.com\/pt-pt\/ebook-guia-road-trip-islandia-inverno\/","name":"eBook - Guia de road trip: Isl\u00e2ndia no inverno","isPartOf":{"@id":"https:\/\/iceland-lovers.com\/pt-pt\/#website"},"primaryImageOfPage":{"@id":"https:\/\/iceland-lovers.com\/pt-pt\/ebook-guia-road-trip-islandia-inverno\/#primaryimage"},"image":{"@id":"https:\/\/iceland-lovers.com\/pt-pt\/ebook-guia-road-trip-islandia-inverno\/#primaryimage"},"thumbnailUrl":"https:\/\/iceland-lovers.com\/wp-content\/uploads\/2024\/06\/Road-trip-guide-Iceland-Winter-eBook-cover-4.jpg","datePublished":"2024-06-17T13:28:31+00:00","dateModified":"2024-06-17T15:33:52+00:00","description":"O nosso guia de viagem para o ajudar a planear a sua road trip \u00e0 Isl\u00e2ndia no inverno: mapas, atrac\u00e7\u00f5es, acessibilidade...","breadcrumb":{"@id":"https:\/\/iceland-lovers.com\/pt-pt\/ebook-guia-road-trip-islandia-inverno\/#breadcrumb"},"inLanguage":"pt-PT","potentialAction":[{"@type":"ReadAction","target":["https:\/\/iceland-lovers.com\/pt-pt\/ebook-guia-road-trip-islandia-inverno\/"]}]},{"@type":"ImageObject","inLanguage":"pt-PT","@id":"https:\/\/iceland-lovers.com\/pt-pt\/ebook-guia-road-trip-islandia-inverno\/#primaryimage","url":"https:\/\/iceland-lovers.com\/wp-content\/uploads\/2024\/06\/Road-trip-guide-Iceland-Winter-eBook-cover-4.jpg","contentUrl":"https:\/\/iceland-lovers.com\/wp-content\/uploads\/2024\/06\/Road-trip-guide-Iceland-Winter-eBook-cover-4.jpg","width":500,"height":375,"caption":"Road trip guide Iceland Winter eBook cover"},{"@type":"BreadcrumbList","@id":"https:\/\/iceland-lovers.com\/pt-pt\/ebook-guia-road-trip-islandia-inverno\/#breadcrumb","itemListElement":[{"@type":"ListItem","position":1,"name":"Accueil","item":"https:\/\/iceland-lovers.com\/pt-pt\/"},{"@type":"ListItem","position":2,"name":"eBook &#8211; Guia de road trip: Isl\u00e2ndia no inverno"}]},{"@type":"WebSite","@id":"https:\/\/iceland-lovers.com\/pt-pt\/#website","url":"https:\/\/iceland-lovers.com\/pt-pt\/","name":"Iceland Lovers","description":"Le Blog de Claire et Manu","publisher":{"@id":"https:\/\/iceland-lovers.com\/pt-pt\/#organization"},"potentialAction":[{"@type":"SearchAction","target":{"@type":"EntryPoint","urlTemplate":"https:\/\/iceland-lovers.com\/pt-pt\/?s={search_term_string}"},"query-input":{"@type":"PropertyValueSpecification","valueRequired":true,"valueName":"search_term_string"}}],"inLanguage":"pt-PT"},{"@type":"Organization","@id":"https:\/\/iceland-lovers.com\/pt-pt\/#organization","name":"Iceland Lovers","url":"https:\/\/iceland-lovers.com\/pt-pt\/","logo":{"@type":"ImageObject","inLanguage":"pt-PT","@id":"https:\/\/iceland-lovers.com\/pt-pt\/#\/schema\/logo\/image\/","url":"https:\/\/iceland-lovers.com\/wp-content\/uploads\/2024\/05\/cropped-Iceland-Lovers-Logos-RVB_Principal-bicolore.png","contentUrl":"https:\/\/iceland-lovers.com\/wp-content\/uploads\/2024\/05\/cropped-Iceland-Lovers-Logos-RVB_Principal-bicolore.png","width":2326,"height":501,"caption":"Iceland Lovers"},"image":{"@id":"https:\/\/iceland-lovers.com\/pt-pt\/#\/schema\/logo\/image\/"}}]}},"featured_image_src":"https:\/\/iceland-lovers.com\/wp-content\/uploads\/2024\/06\/Road-trip-guide-Iceland-Winter-eBook-cover-4.jpg","featured_image_src_square":"https:\/\/iceland-lovers.com\/wp-content\/uploads\/2024\/06\/Road-trip-guide-Iceland-Winter-eBook-cover-4.jpg","_links":{"self":[{"href":"https:\/\/iceland-lovers.com\/pt-pt\/wp-json\/wp\/v2\/pages\/1124","targetHints":{"allow":["GET"]}}],"collection":[{"href":"https:\/\/iceland-lovers.com\/pt-pt\/wp-json\/wp\/v2\/pages"}],"about":[{"href":"https:\/\/iceland-lovers.com\/pt-pt\/wp-json\/wp\/v2\/types\/page"}],"author":[{"embeddable":true,"href":"https:\/\/iceland-lovers.com\/pt-pt\/wp-json\/wp\/v2\/users\/1"}],"replies":[{"embeddable":true,"href":"https:\/\/iceland-lovers.com\/pt-pt\/wp-json\/wp\/v2\/comments?post=1124"}],"version-history":[{"count":0,"href":"https:\/\/iceland-lovers.com\/pt-pt\/wp-json\/wp\/v2\/pages\/1124\/revisions"}],"wp:featuredmedia":[{"embeddable":true,"href":"https:\/\/iceland-lovers.com\/pt-pt\/wp-json\/wp\/v2\/media\/1055"}],"wp:attachment":[{"href":"https:\/\/iceland-lovers.com\/pt-pt\/wp-json\/wp\/v2\/media?parent=1124"}],"curies":[{"name":"wp","href":"https:\/\/api.w.org\/{rel}","templated":true}]}}