{"id":1108,"date":"2024-06-17T15:08:18","date_gmt":"2024-06-17T13:08:18","guid":{"rendered":"https:\/\/iceland-lovers.com\/allgemeine-geschaftsbedingungen-verkauf-ebook\/"},"modified":"2024-06-17T15:13:19","modified_gmt":"2024-06-17T13:13:19","slug":"allgemeine-geschaftsbedingungen-verkauf-ebook","status":"publish","type":"page","link":"https:\/\/iceland-lovers.com\/de\/allgemeine-geschaftsbedingungen-verkauf-ebook\/","title":{"rendered":"Allgemeine Gesch\u00e4ftsbedingungen &#8211; ebook"},"content":{"rendered":"\n<p>AGBs zum 17. Juni 2024<\/p>\n\n<div style=\"padding-left:5%\" class=\"wp-block-genesis-blocks-gb-container box gb-block-container\"><div class=\"gb-container-inside\"><div class=\"gb-container-content\">\n<p class=\"titre_box_manuscrit\">Inhalt<\/p>\n\n\n\n<div class=\"wp-block-genesis-blocks-gb-container gb-block-container\"><div class=\"gb-container-inside\"><div class=\"gb-container-content\"><div id=\"ez-toc-container\" class=\"ez-toc-v2_0_82_1 counter-hierarchy ez-toc-counter ez-toc-custom ez-toc-container-direction\">\n<div class=\"ez-toc-title-container\">\n<span class=\"ez-toc-title-toggle\"><\/span><\/div>\n<nav><ul class='ez-toc-list ez-toc-list-level-1 ' ><li class='ez-toc-page-1 ez-toc-heading-level-2'><a class=\"ez-toc-link ez-toc-heading-1\" href=\"https:\/\/iceland-lovers.com\/de\/allgemeine-geschaftsbedingungen-verkauf-ebook\/#1_Herausgeber_der_Website\" >1. Herausgeber der Website<\/a><\/li><li class='ez-toc-page-1 ez-toc-heading-level-2'><a class=\"ez-toc-link ez-toc-heading-2\" href=\"https:\/\/iceland-lovers.com\/de\/allgemeine-geschaftsbedingungen-verkauf-ebook\/#2_Anwendungsbereich_und_Beschreibung_der_Artikel\" >2. Anwendungsbereich und Beschreibung der Artikel<\/a><\/li><li class='ez-toc-page-1 ez-toc-heading-level-2'><a class=\"ez-toc-link ez-toc-heading-3\" href=\"https:\/\/iceland-lovers.com\/de\/allgemeine-geschaftsbedingungen-verkauf-ebook\/#3_Geistiges_Eigentum\" >3. Geistiges Eigentum<\/a><\/li><li class='ez-toc-page-1 ez-toc-heading-level-2'><a class=\"ez-toc-link ez-toc-heading-4\" href=\"https:\/\/iceland-lovers.com\/de\/allgemeine-geschaftsbedingungen-verkauf-ebook\/#4_Befehle\" >4. Befehle<\/a><\/li><li class='ez-toc-page-1 ez-toc-heading-level-2'><a class=\"ez-toc-link ez-toc-heading-5\" href=\"https:\/\/iceland-lovers.com\/de\/allgemeine-geschaftsbedingungen-verkauf-ebook\/#5_Verfuegbarkeit_der_eBooks_%E2%80%93_Lieferung\" >5. Verf\u00fcgbarkeit der eBooks &#8211; Lieferung<\/a><\/li><li class='ez-toc-page-1 ez-toc-heading-level-2'><a class=\"ez-toc-link ez-toc-heading-6\" href=\"https:\/\/iceland-lovers.com\/de\/allgemeine-geschaftsbedingungen-verkauf-ebook\/#5_Preis\" >5. Preis<\/a><\/li><li class='ez-toc-page-1 ez-toc-heading-level-2'><a class=\"ez-toc-link ez-toc-heading-7\" href=\"https:\/\/iceland-lovers.com\/de\/allgemeine-geschaftsbedingungen-verkauf-ebook\/#6_Zahlung\" >6. Zahlung<\/a><\/li><li class='ez-toc-page-1 ez-toc-heading-level-2'><a class=\"ez-toc-link ez-toc-heading-8\" href=\"https:\/\/iceland-lovers.com\/de\/allgemeine-geschaftsbedingungen-verkauf-ebook\/#7_Garantie_Rueckgabe_und_Erstattung\" >7. Garantie, R\u00fcckgabe und Erstattung<\/a><\/li><li class='ez-toc-page-1 ez-toc-heading-level-2'><a class=\"ez-toc-link ez-toc-heading-9\" href=\"https:\/\/iceland-lovers.com\/de\/allgemeine-geschaftsbedingungen-verkauf-ebook\/#8_Schutz_von_persoenlichen_Daten\" >8. Schutz von pers\u00f6nlichen Daten<\/a><\/li><li class='ez-toc-page-1 ez-toc-heading-level-2'><a class=\"ez-toc-link ez-toc-heading-10\" href=\"https:\/\/iceland-lovers.com\/de\/allgemeine-geschaftsbedingungen-verkauf-ebook\/#9_Verantwortung\" >9. Verantwortung<\/a><\/li><li class='ez-toc-page-1 ez-toc-heading-level-2'><a class=\"ez-toc-link ez-toc-heading-11\" href=\"https:\/\/iceland-lovers.com\/de\/allgemeine-geschaftsbedingungen-verkauf-ebook\/#10_Anwendbares_Recht\" >10. Anwendbares Recht<\/a><\/li><\/ul><\/nav><\/div>\n\n<\/div><\/div><\/div>\n<\/div><\/div><\/div>\n\n<p><\/p>\n\n<h2 class=\"wp-block-heading\" id=\"t-1639558242257\"><span class=\"ez-toc-section\" id=\"1_Herausgeber_der_Website\"><\/span><strong>1. Herausgeber der Website<\/strong><span class=\"ez-toc-section-end\"><\/span><\/h2>\n\n<p>Die Website Madeiralovers.com geh\u00f6rt der Firma REGION LOVERS SAS.<\/p>\n\n<p>Eingetragener Sitz: 2 rue des sauveteurs, 76600 Le Havre, Frankreich<\/p>\n\n<p>Kontakt: Claire (at) regionlovers.fr oder <a href=\"https:\/\/iceland-lovers.com\/de\/kontakt\/\" target=\"_blank\" rel=\"noreferrer noopener\">benutzen Sie das Formular hier<\/a>.<\/p>\n\n<p>Die vorliegenden Bedingungen k\u00f6nnen jederzeit ohne Vorank\u00fcndigung von Madeiralovers.com ge\u00e4ndert werden.<\/p>\n\n<h2 class=\"wp-block-heading\" id=\"t-1639558242258\"><span class=\"ez-toc-section\" id=\"2_Anwendungsbereich_und_Beschreibung_der_Artikel\"><\/span><strong>2. Anwendungsbereich und Beschreibung der Artikel<\/strong><span class=\"ez-toc-section-end\"><\/span><\/h2>\n\n<p>Die vorliegenden Allgemeinen Gesch\u00e4ftsbedingungen gelten f\u00fcr alle Verk\u00e4ufe, die auf der Website Madeiralovers.com abgeschlossen werden.<\/p>\n\n<p>Die Website Madeiralovers.com bietet geistige Werke in digitaler Form (PDF) zum Verkauf an.<br\/>Die auf Madeiralovers.com verkauften digitalen B\u00fccher (oder eBooks) sind digitale Dateien mit geistigen Werken, die zum Herunterladen bestimmt sind, um auf elektronischen Endger\u00e4ten (Computer, Smartphones, Tablets usw.) gelesen zu werden.<br\/>Die digitalen Werke sind durch die franz\u00f6sischen und internationalen Urheberrechtsgesetze gesch\u00fctzt.<\/p>\n\n<h2 class=\"wp-block-heading\" id=\"t-1639558242259\"><span class=\"ez-toc-section\" id=\"3_Geistiges_Eigentum\"><\/span><strong>3. Geistiges Eigentum<\/strong><span class=\"ez-toc-section-end\"><\/span><\/h2>\n\n<p>Die heruntergeladenen Dateien sind ausschlie\u00dflich f\u00fcr die Nutzung durch den K\u00e4ufer bestimmt. Jede Darstellung oder Vervielf\u00e4ltigung dieser Dateien, ganz oder teilweise, au\u00dferhalb der in Artikel L122-5 des Gesetzes \u00fcber geistiges Eigentum vorgesehenen F\u00e4lle, ist strengstens untersagt und kann den Inhaber strafrechtlich verfolgen.<\/p>\n\n<h2 class=\"wp-block-heading\" id=\"t-1639558242260\"><span class=\"ez-toc-section\" id=\"4_Befehle\"><\/span><strong>4. Befehle<\/strong><span class=\"ez-toc-section-end\"><\/span><\/h2>\n\n<p>Alle Auftr\u00e4ge werden \u00fcber die Sendowl-Plattform abgewickelt. Die Zahlung erfolgt bei der Bestellung.<br\/>Der Kunde muss mindestens 18 Jahre alt und gesch\u00e4ftsf\u00e4hig sein oder \u00fcber eine elterliche Genehmigung verf\u00fcgen, um eine Bestellung auf Madeiralovers.com aufzugeben.<br\/>Der Klick auf die Schaltfl\u00e4che &#8222;Bestellen&#8220; oder &#8222;Bezahlen&#8220; auf dem Bildschirm, der die Bestellung zusammenfasst, und die ausdr\u00fcckliche Annahme der vorliegenden Allgemeinen Gesch\u00e4ftsbedingungen durch ein Dialogfeld stellen eine elektronische Unterschrift dar, die die vorbehaltlose Zustimmung des Kunden zu den vorliegenden Allgemeinen Gesch\u00e4ftsbedingungen (einschlie\u00dflich des Preises pro Einheit) f\u00fcr jede gekaufte Datei bescheinigt. Der Kunde verzichtet damit auf die Geltendmachung widersprechender Dokumente, insbesondere seiner eigenen Allgemeinen Einkaufsbedingungen.<br\/>Der Kunde kann seine Bestellung bis zur Best\u00e4tigung der Bezahlung seiner Bestellung aufgeben. Jede Bestellung, die ein Betrugsrisikoprofil aufweist, kann vom Administrator in der Zahlungsphase blockiert werden.<\/p>\n\n<h2 class=\"wp-block-heading\" id=\"t-1639558242261\"><span class=\"ez-toc-section\" id=\"5_Verfuegbarkeit_der_eBooks_%E2%80%93_Lieferung\"><\/span><strong>5. Verf\u00fcgbarkeit der eBooks &#8211; Lieferung<\/strong><span class=\"ez-toc-section-end\"><\/span><\/h2>\n\n<p>Nach der Bestellung kann das eBook \u00fcber den Best\u00e4tigungsbildschirm heruntergeladen werden.<br\/>Eine E-Mail mit einem Download-Link wird ebenfalls gesendet.<br\/>Der Download-Link ist 1 Jahr lang und f\u00fcr maximal 10 Downloads g\u00fcltig.<br\/>Der Administrator dieser Website kann nicht f\u00fcr technische Probleme haftbar gemacht werden, die au\u00dferhalb seiner Kontrolle liegen, wie z.B. Verbindungsprobleme aufgrund von Internetprovidern oder Computerprobleme aufgrund der Hardware oder Software des Kunden.<\/p>\n\n<h2 class=\"wp-block-heading\" id=\"t-1639558242262\"><span class=\"ez-toc-section\" id=\"5_Preis\"><\/span><strong>5. Preis<\/strong><span class=\"ez-toc-section-end\"><\/span><\/h2>\n\n<p>Die Preise der Produkte sind netto in Euro einschlie\u00dflich aller Steuern.<br\/>Alle Bestellungen werden in Euro berechnet und sind bei der Bestellung in Euro zahlbar.<\/p>\n\n<h2 class=\"wp-block-heading\" id=\"t-1639558242263\"><span class=\"ez-toc-section\" id=\"6_Zahlung\"><\/span><strong>6. Zahlung<\/strong><span class=\"ez-toc-section-end\"><\/span><\/h2>\n\n<p>Der Preis ist in voller H\u00f6he und in einer einzigen Zahlung bei der Bestellung f\u00e4llig.<br\/>Die Bezahlung der Eink\u00e4ufe erfolgt per Kreditkarte (\u00fcber Stripe) oder Paypal. Die Banktransaktion wird zum Zeitpunkt der Bestellung durchgef\u00fchrt.<\/p>\n\n<h2 class=\"wp-block-heading\" id=\"t-1639558242264\"><span class=\"ez-toc-section\" id=\"7_Garantie_Rueckgabe_und_Erstattung\"><\/span><strong>7. Garantie, R\u00fcckgabe und Erstattung<\/strong><span class=\"ez-toc-section-end\"><\/span><\/h2>\n\n<p><strong>Produktgarantie<\/strong><br\/>Wenn eine PDF fehlerhaft ist, k\u00f6nnen Sie das digitale Produkt innerhalb von 14 Tagen per E-Mail an uns zur\u00fccksenden. Nach Erhalt des fehlerhaften Buches wird Ihnen ein neuer Artikel zum Download angeboten.<\/p>\n\n<p><strong>Recht auf Widerruf<\/strong><br\/>Digitale Dateien k\u00f6nnen nicht zur\u00fcckgegeben werden.<br\/>Wenn Sie die Datei noch nicht heruntergeladen haben, k\u00f6nnen Sie innerhalb von 14 Tagen nach dem Kauf eine R\u00fcckerstattung beantragen &#8211; <a href=\"https:\/\/iceland-lovers.com\/de\/kontakt\/\" target=\"_blank\" rel=\"noreferrer noopener\">nutzen Sie das Formular hier<\/a> oder antworten Sie auf die Best\u00e4tigungs-E-Mail.<br\/>Wenn Sie ein Problem mit dem Download des eBooks haben, kontaktieren Sie mich bitte \u00fcber das unten stehende Formular.<\/p>\n\n<p><strong>Verfahren der R\u00fcckgabe<\/strong><br\/>Wenn Sie einen Artikel zur\u00fcckgeben m\u00f6chten, kontaktieren Sie mich bitte.<\/p>\n\n<h2 class=\"wp-block-heading\" id=\"t-1639558242265\"><span class=\"ez-toc-section\" id=\"8_Schutz_von_persoenlichen_Daten\"><\/span><strong>8. Schutz von pers\u00f6nlichen Daten<\/strong><span class=\"ez-toc-section-end\"><\/span><\/h2>\n\n<p>Die Informationen, die vom Kunden angefordert werden, sind notwendig, um die Auftr\u00e4ge zu bearbeiten. Diese Informationen und Daten werden auch zu Sicherheitszwecken aufbewahrt, um den gesetzlichen und regulatorischen Verpflichtungen nachzukommen. Diese Daten werden \u00fcber die SendOwl-Plattform gespeichert<a href=\"https:\/\/www.sendowl.com\/privacy\" target=\"_blank\" rel=\"noreferrer noopener\">(siehe deren Bedingungen<\/a>).<br\/>Die Verarbeitung personenbezogener Daten erfolgt in \u00dcbereinstimmung mit dem Gesetz \u00fcber Informatik, Dateien und Freiheiten vom 6. Januar 1978. Jede Person, die sich auf dieser Website registriert, hat das Recht auf Zugang und Berichtigung ihrer pers\u00f6nlichen Daten. Bitte kontaktieren Sie mich.<\/p>\n\n<h2 class=\"wp-block-heading\" id=\"t-1639558242266\"><span class=\"ez-toc-section\" id=\"9_Verantwortung\"><\/span><strong>9. Verantwortung<\/strong><span class=\"ez-toc-section-end\"><\/span><\/h2>\n\n<p>Madeiralovers.com \u00fcbernimmt keine Haftung f\u00fcr die Nichterf\u00fcllung des Vertrags aufgrund h\u00f6herer Gewalt (Streik, \u00dcberschwemmung, Feuer, Offline-Verkaufsplattform&#8230;).<\/p>\n\n<p>Der Autor hat erhebliche Anstrengungen unternommen, um sicherzustellen, dass die Informationen in dem elektronischen Buch (eBook) zum Zeitpunkt der Ver\u00f6ffentlichung korrekt sind. Der Leser muss jedoch seine Entscheidungen auf der Grundlage der tats\u00e4chlichen Bedingungen vor Ort und seiner pers\u00f6nlichen F\u00e4higkeiten (physisch und fahrerisch) treffen. Alle Ratschl\u00e4ge und Meinungen, die in diesem elektronischen Buch (eBook) zum Ausdruck kommen, sind subjektive Meinungen des Autors. Der Autor \u00fcbernimmt keine Verantwortung f\u00fcr Verluste, Verletzungen oder Unannehmlichkeiten, die sich aus der Nutzung oder dem Missbrauch der in diesem Leitfaden enthaltenen Informationen ergeben.<\/p>\n\n<h2 class=\"wp-block-heading\" id=\"t-1639558242267\"><span class=\"ez-toc-section\" id=\"10_Anwendbares_Recht\"><\/span><strong>10. Anwendbares Recht<\/strong><span class=\"ez-toc-section-end\"><\/span><\/h2>\n\n<p>Der Verkauf von Produkten unterliegt dem franz\u00f6sischen Recht.<br\/>Die Webseite, die AGB und die \u00fcber die Webseite get\u00e4tigten Bestellungen und deren Ausf\u00fchrung unterliegen ausschlie\u00dflich dem franz\u00f6sischen Recht. Alle Streitigkeiten in Bezug auf die Auslegung oder Ausf\u00fchrung der AGB oder einer Bestellung werden nach franz\u00f6sischem Recht entschieden und fallen in den Zust\u00e4ndigkeitsbereich des Gerichts am Wohnort des Kunden oder, nach Wahl des Kunden, am Ort der tats\u00e4chlichen Lieferung des Produkts.<\/p>\n","protected":false},"excerpt":{"rendered":"<p>AGBs zum 17. Juni 2024 1. Herausgeber der Website Die Website Madeiralovers.com geh\u00f6rt der Firma REGION LOVERS SAS. Eingetragener Sitz: 2 rue des sauveteurs, 76600 Le Havre, Frankreich Kontakt: Claire (at) regionlovers.fr oder benutzen Sie das Formular hier. Die vorliegenden Bedingungen k\u00f6nnen jederzeit ohne Vorank\u00fcndigung von Madeiralovers.com ge\u00e4ndert werden. 2. Anwendungsbereich und Beschreibung der Artikel [&hellip;]<\/p>\n","protected":false},"author":1,"featured_media":0,"parent":0,"menu_order":0,"comment_status":"closed","ping_status":"closed","template":"","meta":{"_genesis_hide_title":false,"_genesis_hide_breadcrumbs":false,"_genesis_hide_singular_image":false,"_genesis_hide_footer_widgets":false,"_genesis_custom_body_class":"","_genesis_custom_post_class":"","_genesis_layout":"","footnotes":""},"class_list":{"0":"post-1108","1":"page","2":"type-page","3":"status-publish","5":"entry"},"yoast_head":"<!-- This site is optimized with the Yoast SEO plugin v27.2 - https:\/\/yoast.com\/product\/yoast-seo-wordpress\/ -->\n<title>Allgemeine Gesch\u00e4ftsbedingungen - ebook<\/title>\n<meta name=\"description\" content=\"Allgemeine Gesch\u00e4ftsbedingungen f\u00fcr den Verkauf unserer ebooks\" \/>\n<meta name=\"robots\" content=\"noindex, follow\" \/>\n<meta property=\"og:locale\" content=\"de_DE\" \/>\n<meta property=\"og:type\" content=\"article\" \/>\n<meta property=\"og:title\" content=\"Allgemeine Gesch\u00e4ftsbedingungen - ebook\" \/>\n<meta property=\"og:description\" content=\"Allgemeine Gesch\u00e4ftsbedingungen f\u00fcr den Verkauf unserer ebooks\" \/>\n<meta property=\"og:url\" content=\"https:\/\/iceland-lovers.com\/de\/allgemeine-geschaftsbedingungen-verkauf-ebook\/\" \/>\n<meta property=\"og:site_name\" content=\"Iceland Lovers\" \/>\n<meta property=\"article:modified_time\" content=\"2024-06-17T13:13:19+00:00\" \/>\n<meta name=\"twitter:card\" content=\"summary_large_image\" \/>\n<meta name=\"twitter:label1\" content=\"Gesch\u00e4tzte Lesezeit\" \/>\n\t<meta name=\"twitter:data1\" content=\"4 Minuten\" \/>\n<script type=\"application\/ld+json\" class=\"yoast-schema-graph\">{\"@context\":\"https:\/\/schema.org\",\"@graph\":[{\"@type\":\"WebPage\",\"@id\":\"https:\/\/iceland-lovers.com\/de\/allgemeine-geschaftsbedingungen-verkauf-ebook\/\",\"url\":\"https:\/\/iceland-lovers.com\/de\/allgemeine-geschaftsbedingungen-verkauf-ebook\/\",\"name\":\"Allgemeine Gesch\u00e4ftsbedingungen - ebook\",\"isPartOf\":{\"@id\":\"https:\/\/iceland-lovers.com\/de\/#website\"},\"datePublished\":\"2024-06-17T13:08:18+00:00\",\"dateModified\":\"2024-06-17T13:13:19+00:00\",\"description\":\"Allgemeine Gesch\u00e4ftsbedingungen f\u00fcr den Verkauf unserer ebooks\",\"breadcrumb\":{\"@id\":\"https:\/\/iceland-lovers.com\/de\/allgemeine-geschaftsbedingungen-verkauf-ebook\/#breadcrumb\"},\"inLanguage\":\"de-DE\",\"potentialAction\":[{\"@type\":\"ReadAction\",\"target\":[\"https:\/\/iceland-lovers.com\/de\/allgemeine-geschaftsbedingungen-verkauf-ebook\/\"]}]},{\"@type\":\"BreadcrumbList\",\"@id\":\"https:\/\/iceland-lovers.com\/de\/allgemeine-geschaftsbedingungen-verkauf-ebook\/#breadcrumb\",\"itemListElement\":[{\"@type\":\"ListItem\",\"position\":1,\"name\":\"Accueil\",\"item\":\"https:\/\/iceland-lovers.com\/de\/\"},{\"@type\":\"ListItem\",\"position\":2,\"name\":\"Allgemeine Gesch\u00e4ftsbedingungen &#8211; ebook\"}]},{\"@type\":\"WebSite\",\"@id\":\"https:\/\/iceland-lovers.com\/de\/#website\",\"url\":\"https:\/\/iceland-lovers.com\/de\/\",\"name\":\"Iceland Lovers\",\"description\":\"Le Blog de Claire et Manu\",\"publisher\":{\"@id\":\"https:\/\/iceland-lovers.com\/de\/#organization\"},\"potentialAction\":[{\"@type\":\"SearchAction\",\"target\":{\"@type\":\"EntryPoint\",\"urlTemplate\":\"https:\/\/iceland-lovers.com\/de\/?s={search_term_string}\"},\"query-input\":{\"@type\":\"PropertyValueSpecification\",\"valueRequired\":true,\"valueName\":\"search_term_string\"}}],\"inLanguage\":\"de-DE\"},{\"@type\":\"Organization\",\"@id\":\"https:\/\/iceland-lovers.com\/de\/#organization\",\"name\":\"Iceland Lovers\",\"url\":\"https:\/\/iceland-lovers.com\/de\/\",\"logo\":{\"@type\":\"ImageObject\",\"inLanguage\":\"de-DE\",\"@id\":\"https:\/\/iceland-lovers.com\/de\/#\/schema\/logo\/image\/\",\"url\":\"https:\/\/iceland-lovers.com\/wp-content\/uploads\/2024\/05\/cropped-Iceland-Lovers-Logos-RVB_Principal-bicolore.png\",\"contentUrl\":\"https:\/\/iceland-lovers.com\/wp-content\/uploads\/2024\/05\/cropped-Iceland-Lovers-Logos-RVB_Principal-bicolore.png\",\"width\":2326,\"height\":501,\"caption\":\"Iceland Lovers\"},\"image\":{\"@id\":\"https:\/\/iceland-lovers.com\/de\/#\/schema\/logo\/image\/\"}}]}<\/script>\n<!-- \/ Yoast SEO plugin. -->","yoast_head_json":{"title":"Allgemeine Gesch\u00e4ftsbedingungen - ebook","description":"Allgemeine Gesch\u00e4ftsbedingungen f\u00fcr den Verkauf unserer ebooks","robots":{"index":"noindex","follow":"follow"},"og_locale":"de_DE","og_type":"article","og_title":"Allgemeine Gesch\u00e4ftsbedingungen - ebook","og_description":"Allgemeine Gesch\u00e4ftsbedingungen f\u00fcr den Verkauf unserer ebooks","og_url":"https:\/\/iceland-lovers.com\/de\/allgemeine-geschaftsbedingungen-verkauf-ebook\/","og_site_name":"Iceland Lovers","article_modified_time":"2024-06-17T13:13:19+00:00","twitter_card":"summary_large_image","twitter_misc":{"Gesch\u00e4tzte Lesezeit":"4 Minuten"},"schema":{"@context":"https:\/\/schema.org","@graph":[{"@type":"WebPage","@id":"https:\/\/iceland-lovers.com\/de\/allgemeine-geschaftsbedingungen-verkauf-ebook\/","url":"https:\/\/iceland-lovers.com\/de\/allgemeine-geschaftsbedingungen-verkauf-ebook\/","name":"Allgemeine Gesch\u00e4ftsbedingungen - ebook","isPartOf":{"@id":"https:\/\/iceland-lovers.com\/de\/#website"},"datePublished":"2024-06-17T13:08:18+00:00","dateModified":"2024-06-17T13:13:19+00:00","description":"Allgemeine Gesch\u00e4ftsbedingungen f\u00fcr den Verkauf unserer ebooks","breadcrumb":{"@id":"https:\/\/iceland-lovers.com\/de\/allgemeine-geschaftsbedingungen-verkauf-ebook\/#breadcrumb"},"inLanguage":"de-DE","potentialAction":[{"@type":"ReadAction","target":["https:\/\/iceland-lovers.com\/de\/allgemeine-geschaftsbedingungen-verkauf-ebook\/"]}]},{"@type":"BreadcrumbList","@id":"https:\/\/iceland-lovers.com\/de\/allgemeine-geschaftsbedingungen-verkauf-ebook\/#breadcrumb","itemListElement":[{"@type":"ListItem","position":1,"name":"Accueil","item":"https:\/\/iceland-lovers.com\/de\/"},{"@type":"ListItem","position":2,"name":"Allgemeine Gesch\u00e4ftsbedingungen &#8211; ebook"}]},{"@type":"WebSite","@id":"https:\/\/iceland-lovers.com\/de\/#website","url":"https:\/\/iceland-lovers.com\/de\/","name":"Iceland Lovers","description":"Le Blog de Claire et Manu","publisher":{"@id":"https:\/\/iceland-lovers.com\/de\/#organization"},"potentialAction":[{"@type":"SearchAction","target":{"@type":"EntryPoint","urlTemplate":"https:\/\/iceland-lovers.com\/de\/?s={search_term_string}"},"query-input":{"@type":"PropertyValueSpecification","valueRequired":true,"valueName":"search_term_string"}}],"inLanguage":"de-DE"},{"@type":"Organization","@id":"https:\/\/iceland-lovers.com\/de\/#organization","name":"Iceland Lovers","url":"https:\/\/iceland-lovers.com\/de\/","logo":{"@type":"ImageObject","inLanguage":"de-DE","@id":"https:\/\/iceland-lovers.com\/de\/#\/schema\/logo\/image\/","url":"https:\/\/iceland-lovers.com\/wp-content\/uploads\/2024\/05\/cropped-Iceland-Lovers-Logos-RVB_Principal-bicolore.png","contentUrl":"https:\/\/iceland-lovers.com\/wp-content\/uploads\/2024\/05\/cropped-Iceland-Lovers-Logos-RVB_Principal-bicolore.png","width":2326,"height":501,"caption":"Iceland Lovers"},"image":{"@id":"https:\/\/iceland-lovers.com\/de\/#\/schema\/logo\/image\/"}}]}},"featured_image_src":null,"featured_image_src_square":null,"_links":{"self":[{"href":"https:\/\/iceland-lovers.com\/de\/wp-json\/wp\/v2\/pages\/1108","targetHints":{"allow":["GET"]}}],"collection":[{"href":"https:\/\/iceland-lovers.com\/de\/wp-json\/wp\/v2\/pages"}],"about":[{"href":"https:\/\/iceland-lovers.com\/de\/wp-json\/wp\/v2\/types\/page"}],"author":[{"embeddable":true,"href":"https:\/\/iceland-lovers.com\/de\/wp-json\/wp\/v2\/users\/1"}],"replies":[{"embeddable":true,"href":"https:\/\/iceland-lovers.com\/de\/wp-json\/wp\/v2\/comments?post=1108"}],"version-history":[{"count":0,"href":"https:\/\/iceland-lovers.com\/de\/wp-json\/wp\/v2\/pages\/1108\/revisions"}],"wp:attachment":[{"href":"https:\/\/iceland-lovers.com\/de\/wp-json\/wp\/v2\/media?parent=1108"}],"curies":[{"name":"wp","href":"https:\/\/api.w.org\/{rel}","templated":true}]}}