{"id":1123,"date":"2024-06-17T15:28:31","date_gmt":"2024-06-17T13:28:31","guid":{"rendered":"https:\/\/iceland-lovers.com\/ebook-guide-road-trip-island-winter\/"},"modified":"2024-06-17T17:31:45","modified_gmt":"2024-06-17T15:31:45","slug":"ebook-guide-road-trip-island-vinter","status":"publish","type":"page","link":"https:\/\/iceland-lovers.com\/da\/ebook-guide-road-trip-island-vinter\/","title":{"rendered":"eBook &#8211; Roadtrip-guide: Island om vinteren"},"content":{"rendered":"\n<div class=\"wp-block-columns alignwide is-layout-flex wp-container-core-columns-is-layout-9d6595d7 wp-block-columns-is-layout-flex\">\n<div class=\"wp-block-column titre_guide is-layout-flow wp-block-column-is-layout-flow\">\n<p><\/p>\n\n\n\n<h2 class=\"wp-block-heading\"><strong>F\u00e5 mest muligt ud af din tid p\u00e5 Island!<\/strong><\/h2>\n\n\n\n<hr class=\"wp-block-separator has-alpha-channel-opacity is-style-wide\"\/>\n\n\n\n<p class=\"has-text-align-left titre_guide has-theme-primary-color has-text-color\" style=\"line-height:1.5\">Ligesom <strong>over 12.000<\/strong> andre l\u00e6sere kan du fordybe dig i en af vores guider, der hj\u00e6lper dig med at planl\u00e6gge din rejse.<\/p>\n\n\n\n<hr class=\"wp-block-separator has-alpha-channel-opacity\"\/>\n<\/div>\n<\/div>\n\n\n\n<div class=\"wp-block-columns alignwide is-layout-flex wp-container-core-columns-is-layout-9d6595d7 wp-block-columns-is-layout-flex\">\n<div class=\"wp-block-column is-layout-flow wp-block-column-is-layout-flow\"><div class=\"wp-block-image\">\n<figure class=\"aligncenter size-full\"><img decoding=\"async\" src=\"https:\/\/iceland-lovers.com\/wp-content\/uploads\/2024\/06\/Road-trip-guide-Iceland-Winter-eBook-cover.jpg\" alt=\"Road trip guide Island vinter eBook Cover\" class=\"wp-image-1049\"\/><\/figure>\n<\/div><\/div>\n\n\n\n<div class=\"wp-block-column is-layout-flow wp-block-column-is-layout-flow\">\n<p id=\"bloc_visuel_guide\">Frustreret over de overfyldte klassiske guides? F\u00e5 billeder, men tusindvis af steder, som om man havde flere \u00e5r til at bes\u00f8ge dem&#8230;<\/p>\n\n\n\n<p>Med vores guide kan du nemt planl\u00e6gge din ideelle bilferie uden at g\u00e5 glip af de smukkeste steder p\u00e5 denne destination.<br><strong>Direkte p\u00e5 din computer, telefon eller tablet har du adgang<\/strong> til:<\/p>\n\n\n\n<ul class=\"wp-block-list\">\n<li>Vores udvalg af de <span style=\"text-decoration: underline;\">mest utrolige steder <\/span>i Island, som er tilg\u00e6ngelige om vinteren.<\/li>\n\n\n\n<li><span style=\"text-decoration: underline;\">F\u00e6ngslende fotos<\/span>, der hj\u00e6lper dig med at beslutte, om du skal stoppe her.<\/li>\n\n\n\n<li><span style=\"text-decoration: underline;\">Kort<\/span>, der hj\u00e6lper dig med at finde dem og planl\u00e6gge din rute.<\/li>\n\n\n\n<li><strong> <\/strong><span style=\"text-decoration: underline;\">praktiske oplysninger<\/span>, der hj\u00e6lper dig med at f\u00e5 mest muligt ud af din tid.<\/li>\n\n\n\n<li><span style=\"text-decoration: underline;\">GPS-koordinater<\/span> til parkeringspladser for at undg\u00e5 spildtid.<\/li>\n<\/ul>\n<\/div>\n<\/div>\n\n\n\n<p>Beklager, vores guide er endnu ikke tilg\u00e6ngelig p\u00e5 dansk.<\/p>\n\n\n\n<p>Du kan k\u00f8be den:<\/p>\n\n\n\n<ul class=\"wp-block-list\">\n<li><a href=\"https:\/\/iceland-lovers.com\/en\/ebook-guide-road-trip-iceland-winter\/\">p\u00e5 engelsk<\/a><\/li>\n\n\n\n<li><a href=\"https:\/\/iceland-lovers.com\/ebook-guide-road-trip-islande-hiver\/\">p\u00e5 fransk<\/a><\/li>\n\n\n\n<li><a href=\"https:\/\/iceland-lovers.com\/de\/ebook-reisefuhrer-road-trip-island-winter\/\">p\u00e5 tysk<\/a><\/li>\n\n\n\n<li><a href=\"https:\/\/iceland-lovers.com\/es\/ebook-guia-viajes-islandia-invierno\/\">p\u00e5 spansk<\/a><\/li>\n<\/ul>\n","protected":false},"excerpt":{"rendered":"<p>F\u00e5 mest muligt ud af din tid p\u00e5 Island! Ligesom over 12.000 andre l\u00e6sere kan du fordybe dig i en af vores guider, der hj\u00e6lper dig med at planl\u00e6gge din rejse. Frustreret over de overfyldte klassiske guides? F\u00e5 billeder, men tusindvis af steder, som om man havde flere \u00e5r til at bes\u00f8ge dem&#8230; Med vores [&hellip;]<\/p>\n","protected":false},"author":1,"featured_media":1050,"parent":0,"menu_order":0,"comment_status":"closed","ping_status":"closed","template":"page-templates\/lp-modele.php","meta":{"_genesis_hide_title":false,"_genesis_hide_breadcrumbs":false,"_genesis_hide_singular_image":false,"_genesis_hide_footer_widgets":false,"_genesis_custom_body_class":"","_genesis_custom_post_class":"","_genesis_layout":"full-width-content","footnotes":""},"class_list":{"0":"post-1123","1":"page","2":"type-page","3":"status-publish","4":"has-post-thumbnail","6":"entry"},"yoast_head":"<!-- This site is optimized with the Yoast SEO plugin v27.2 - https:\/\/yoast.com\/product\/yoast-seo-wordpress\/ -->\n<title>eBook - Roadtrip-guide: Island om vinteren<\/title>\n<meta name=\"description\" content=\"Vores rejseguide hj\u00e6lper dig med at planl\u00e6gge din bilferie til Island om vinteren: kort, attraktioner, tilg\u00e6ngelighed...\" \/>\n<meta name=\"robots\" content=\"index, follow, max-snippet:-1, max-image-preview:large, max-video-preview:-1\" \/>\n<link rel=\"canonical\" href=\"https:\/\/iceland-lovers.com\/da\/ebook-guide-road-trip-island-vinter\/\" \/>\n<meta property=\"og:locale\" content=\"da_DK\" \/>\n<meta property=\"og:type\" content=\"article\" \/>\n<meta property=\"og:title\" content=\"eBook - Roadtrip-guide: Island om vinteren\" \/>\n<meta property=\"og:description\" content=\"Vores rejseguide hj\u00e6lper dig med at planl\u00e6gge din bilferie til Island om vinteren: kort, attraktioner, tilg\u00e6ngelighed...\" \/>\n<meta property=\"og:url\" content=\"https:\/\/iceland-lovers.com\/da\/ebook-guide-road-trip-island-vinter\/\" \/>\n<meta property=\"og:site_name\" content=\"Iceland Lovers\" \/>\n<meta property=\"article:modified_time\" content=\"2024-06-17T15:31:45+00:00\" \/>\n<meta property=\"og:image\" content=\"https:\/\/iceland-lovers.com\/wp-content\/uploads\/2024\/06\/Road-trip-guide-Iceland-Winter-eBook-cover.jpg\" \/>\n\t<meta property=\"og:image:width\" content=\"500\" \/>\n\t<meta property=\"og:image:height\" content=\"375\" \/>\n\t<meta property=\"og:image:type\" content=\"image\/jpeg\" \/>\n<meta name=\"twitter:card\" content=\"summary_large_image\" \/>\n<meta name=\"twitter:label1\" content=\"Estimeret l\u00e6setid\" \/>\n\t<meta name=\"twitter:data1\" content=\"2 minutter\" \/>\n<script type=\"application\/ld+json\" class=\"yoast-schema-graph\">{\"@context\":\"https:\/\/schema.org\",\"@graph\":[{\"@type\":\"WebPage\",\"@id\":\"https:\/\/iceland-lovers.com\/da\/ebook-guide-road-trip-island-vinter\/\",\"url\":\"https:\/\/iceland-lovers.com\/da\/ebook-guide-road-trip-island-vinter\/\",\"name\":\"eBook - Roadtrip-guide: Island om vinteren\",\"isPartOf\":{\"@id\":\"https:\/\/iceland-lovers.com\/da\/#website\"},\"primaryImageOfPage\":{\"@id\":\"https:\/\/iceland-lovers.com\/da\/ebook-guide-road-trip-island-vinter\/#primaryimage\"},\"image\":{\"@id\":\"https:\/\/iceland-lovers.com\/da\/ebook-guide-road-trip-island-vinter\/#primaryimage\"},\"thumbnailUrl\":\"https:\/\/iceland-lovers.com\/wp-content\/uploads\/2024\/06\/Road-trip-guide-Iceland-Winter-eBook-cover.jpg\",\"datePublished\":\"2024-06-17T13:28:31+00:00\",\"dateModified\":\"2024-06-17T15:31:45+00:00\",\"description\":\"Vores rejseguide hj\u00e6lper dig med at planl\u00e6gge din bilferie til Island om vinteren: kort, attraktioner, tilg\u00e6ngelighed...\",\"breadcrumb\":{\"@id\":\"https:\/\/iceland-lovers.com\/da\/ebook-guide-road-trip-island-vinter\/#breadcrumb\"},\"inLanguage\":\"da-DK\",\"potentialAction\":[{\"@type\":\"ReadAction\",\"target\":[\"https:\/\/iceland-lovers.com\/da\/ebook-guide-road-trip-island-vinter\/\"]}]},{\"@type\":\"ImageObject\",\"inLanguage\":\"da-DK\",\"@id\":\"https:\/\/iceland-lovers.com\/da\/ebook-guide-road-trip-island-vinter\/#primaryimage\",\"url\":\"https:\/\/iceland-lovers.com\/wp-content\/uploads\/2024\/06\/Road-trip-guide-Iceland-Winter-eBook-cover.jpg\",\"contentUrl\":\"https:\/\/iceland-lovers.com\/wp-content\/uploads\/2024\/06\/Road-trip-guide-Iceland-Winter-eBook-cover.jpg\",\"width\":500,\"height\":375,\"caption\":\"Road trip guide Iceland Winter eBook cover\"},{\"@type\":\"BreadcrumbList\",\"@id\":\"https:\/\/iceland-lovers.com\/da\/ebook-guide-road-trip-island-vinter\/#breadcrumb\",\"itemListElement\":[{\"@type\":\"ListItem\",\"position\":1,\"name\":\"Accueil\",\"item\":\"https:\/\/iceland-lovers.com\/da\/\"},{\"@type\":\"ListItem\",\"position\":2,\"name\":\"eBook &#8211; Roadtrip-guide: Island om vinteren\"}]},{\"@type\":\"WebSite\",\"@id\":\"https:\/\/iceland-lovers.com\/da\/#website\",\"url\":\"https:\/\/iceland-lovers.com\/da\/\",\"name\":\"Iceland Lovers\",\"description\":\"Le Blog de Claire et Manu\",\"publisher\":{\"@id\":\"https:\/\/iceland-lovers.com\/da\/#organization\"},\"potentialAction\":[{\"@type\":\"SearchAction\",\"target\":{\"@type\":\"EntryPoint\",\"urlTemplate\":\"https:\/\/iceland-lovers.com\/da\/?s={search_term_string}\"},\"query-input\":{\"@type\":\"PropertyValueSpecification\",\"valueRequired\":true,\"valueName\":\"search_term_string\"}}],\"inLanguage\":\"da-DK\"},{\"@type\":\"Organization\",\"@id\":\"https:\/\/iceland-lovers.com\/da\/#organization\",\"name\":\"Iceland Lovers\",\"url\":\"https:\/\/iceland-lovers.com\/da\/\",\"logo\":{\"@type\":\"ImageObject\",\"inLanguage\":\"da-DK\",\"@id\":\"https:\/\/iceland-lovers.com\/da\/#\/schema\/logo\/image\/\",\"url\":\"https:\/\/iceland-lovers.com\/wp-content\/uploads\/2024\/05\/cropped-Iceland-Lovers-Logos-RVB_Principal-bicolore.png\",\"contentUrl\":\"https:\/\/iceland-lovers.com\/wp-content\/uploads\/2024\/05\/cropped-Iceland-Lovers-Logos-RVB_Principal-bicolore.png\",\"width\":2326,\"height\":501,\"caption\":\"Iceland Lovers\"},\"image\":{\"@id\":\"https:\/\/iceland-lovers.com\/da\/#\/schema\/logo\/image\/\"}}]}<\/script>\n<!-- \/ Yoast SEO plugin. -->","yoast_head_json":{"title":"eBook - Roadtrip-guide: Island om vinteren","description":"Vores rejseguide hj\u00e6lper dig med at planl\u00e6gge din bilferie til Island om vinteren: kort, attraktioner, tilg\u00e6ngelighed...","robots":{"index":"index","follow":"follow","max-snippet":"max-snippet:-1","max-image-preview":"max-image-preview:large","max-video-preview":"max-video-preview:-1"},"canonical":"https:\/\/iceland-lovers.com\/da\/ebook-guide-road-trip-island-vinter\/","og_locale":"da_DK","og_type":"article","og_title":"eBook - Roadtrip-guide: Island om vinteren","og_description":"Vores rejseguide hj\u00e6lper dig med at planl\u00e6gge din bilferie til Island om vinteren: kort, attraktioner, tilg\u00e6ngelighed...","og_url":"https:\/\/iceland-lovers.com\/da\/ebook-guide-road-trip-island-vinter\/","og_site_name":"Iceland Lovers","article_modified_time":"2024-06-17T15:31:45+00:00","og_image":[{"width":500,"height":375,"url":"https:\/\/iceland-lovers.com\/wp-content\/uploads\/2024\/06\/Road-trip-guide-Iceland-Winter-eBook-cover.jpg","type":"image\/jpeg"}],"twitter_card":"summary_large_image","twitter_misc":{"Estimeret l\u00e6setid":"2 minutter"},"schema":{"@context":"https:\/\/schema.org","@graph":[{"@type":"WebPage","@id":"https:\/\/iceland-lovers.com\/da\/ebook-guide-road-trip-island-vinter\/","url":"https:\/\/iceland-lovers.com\/da\/ebook-guide-road-trip-island-vinter\/","name":"eBook - Roadtrip-guide: Island om vinteren","isPartOf":{"@id":"https:\/\/iceland-lovers.com\/da\/#website"},"primaryImageOfPage":{"@id":"https:\/\/iceland-lovers.com\/da\/ebook-guide-road-trip-island-vinter\/#primaryimage"},"image":{"@id":"https:\/\/iceland-lovers.com\/da\/ebook-guide-road-trip-island-vinter\/#primaryimage"},"thumbnailUrl":"https:\/\/iceland-lovers.com\/wp-content\/uploads\/2024\/06\/Road-trip-guide-Iceland-Winter-eBook-cover.jpg","datePublished":"2024-06-17T13:28:31+00:00","dateModified":"2024-06-17T15:31:45+00:00","description":"Vores rejseguide hj\u00e6lper dig med at planl\u00e6gge din bilferie til Island om vinteren: kort, attraktioner, tilg\u00e6ngelighed...","breadcrumb":{"@id":"https:\/\/iceland-lovers.com\/da\/ebook-guide-road-trip-island-vinter\/#breadcrumb"},"inLanguage":"da-DK","potentialAction":[{"@type":"ReadAction","target":["https:\/\/iceland-lovers.com\/da\/ebook-guide-road-trip-island-vinter\/"]}]},{"@type":"ImageObject","inLanguage":"da-DK","@id":"https:\/\/iceland-lovers.com\/da\/ebook-guide-road-trip-island-vinter\/#primaryimage","url":"https:\/\/iceland-lovers.com\/wp-content\/uploads\/2024\/06\/Road-trip-guide-Iceland-Winter-eBook-cover.jpg","contentUrl":"https:\/\/iceland-lovers.com\/wp-content\/uploads\/2024\/06\/Road-trip-guide-Iceland-Winter-eBook-cover.jpg","width":500,"height":375,"caption":"Road trip guide Iceland Winter eBook cover"},{"@type":"BreadcrumbList","@id":"https:\/\/iceland-lovers.com\/da\/ebook-guide-road-trip-island-vinter\/#breadcrumb","itemListElement":[{"@type":"ListItem","position":1,"name":"Accueil","item":"https:\/\/iceland-lovers.com\/da\/"},{"@type":"ListItem","position":2,"name":"eBook &#8211; Roadtrip-guide: Island om vinteren"}]},{"@type":"WebSite","@id":"https:\/\/iceland-lovers.com\/da\/#website","url":"https:\/\/iceland-lovers.com\/da\/","name":"Iceland Lovers","description":"Le Blog de Claire et Manu","publisher":{"@id":"https:\/\/iceland-lovers.com\/da\/#organization"},"potentialAction":[{"@type":"SearchAction","target":{"@type":"EntryPoint","urlTemplate":"https:\/\/iceland-lovers.com\/da\/?s={search_term_string}"},"query-input":{"@type":"PropertyValueSpecification","valueRequired":true,"valueName":"search_term_string"}}],"inLanguage":"da-DK"},{"@type":"Organization","@id":"https:\/\/iceland-lovers.com\/da\/#organization","name":"Iceland Lovers","url":"https:\/\/iceland-lovers.com\/da\/","logo":{"@type":"ImageObject","inLanguage":"da-DK","@id":"https:\/\/iceland-lovers.com\/da\/#\/schema\/logo\/image\/","url":"https:\/\/iceland-lovers.com\/wp-content\/uploads\/2024\/05\/cropped-Iceland-Lovers-Logos-RVB_Principal-bicolore.png","contentUrl":"https:\/\/iceland-lovers.com\/wp-content\/uploads\/2024\/05\/cropped-Iceland-Lovers-Logos-RVB_Principal-bicolore.png","width":2326,"height":501,"caption":"Iceland Lovers"},"image":{"@id":"https:\/\/iceland-lovers.com\/da\/#\/schema\/logo\/image\/"}}]}},"featured_image_src":"https:\/\/iceland-lovers.com\/wp-content\/uploads\/2024\/06\/Road-trip-guide-Iceland-Winter-eBook-cover.jpg","featured_image_src_square":"https:\/\/iceland-lovers.com\/wp-content\/uploads\/2024\/06\/Road-trip-guide-Iceland-Winter-eBook-cover.jpg","_links":{"self":[{"href":"https:\/\/iceland-lovers.com\/da\/wp-json\/wp\/v2\/pages\/1123","targetHints":{"allow":["GET"]}}],"collection":[{"href":"https:\/\/iceland-lovers.com\/da\/wp-json\/wp\/v2\/pages"}],"about":[{"href":"https:\/\/iceland-lovers.com\/da\/wp-json\/wp\/v2\/types\/page"}],"author":[{"embeddable":true,"href":"https:\/\/iceland-lovers.com\/da\/wp-json\/wp\/v2\/users\/1"}],"replies":[{"embeddable":true,"href":"https:\/\/iceland-lovers.com\/da\/wp-json\/wp\/v2\/comments?post=1123"}],"version-history":[{"count":0,"href":"https:\/\/iceland-lovers.com\/da\/wp-json\/wp\/v2\/pages\/1123\/revisions"}],"wp:featuredmedia":[{"embeddable":true,"href":"https:\/\/iceland-lovers.com\/da\/wp-json\/wp\/v2\/media\/1050"}],"wp:attachment":[{"href":"https:\/\/iceland-lovers.com\/da\/wp-json\/wp\/v2\/media?parent=1123"}],"curies":[{"name":"wp","href":"https:\/\/api.w.org\/{rel}","templated":true}]}}